{"id":22028,"date":"2024-07-20T20:57:18","date_gmt":"2024-07-20T18:57:18","guid":{"rendered":"https:\/\/jere-eu.com\/?post_type=product&#038;p=22028"},"modified":"2026-04-10T08:47:07","modified_gmt":"2026-04-10T06:47:07","slug":"sour-cherry-mead","status":"publish","type":"product","link":"https:\/\/jere-eu.com\/sl\/izdelek\/sour-cherry-mead\/","title":{"rendered":"Vi\u0161njevo medeno vino; Polsuho"},"content":{"rendered":"<p><strong><em>~Sommelier priporo\u010da~\u00a0<\/em><\/strong><\/p>\n<p>Ta polsuha vi\u0161njeva medica ima sve\u017e sadni okus z izrazitim okusom vi\u0161enj. Odli\u010dno se poda k:<\/p>\n<ul>\n<li>P\u00e2t\u00e9 (pa\u0161tetni namazi)<\/li>\n<li>Pe\u010den raca z vi\u0161njevo omako in karameliziranimi mandlji<\/li>\n<li>Solata z jagodi\u010devjem in balzami\u010dnim prelivom<\/li>\n<li>Rebrca marinirana z medom<\/li>\n<li>Jagnjetina z zeli\u0161\u010dno skorjo<\/li>\n<li>Zreli siri s suhim sadjem in ore\u0161\u010dki<\/li>\n<li>Tart z sve\u017eim sadjem in vaniljevo kremo<\/li>\n<li>\u010cokoladna torta z malinovo omako iz temne \u010dokolade<\/li>\n<\/ul>\n<p>~ Unikatna pija\u010da za enkratne kulinari\u010dne u\u017eitke!<\/p>","protected":false},"excerpt":{"rendered":"<p><strong><em>~ Experience our Semi-Dry Sour Cherry Mead ~\u00a0<\/em><\/strong><\/p>\n<div class=\"group\/conversation-turn relative flex w-full min-w-0 flex-col agent-turn\">\n<div class=\"flex-col gap-1 md:gap-3\">\n<div class=\"flex flex-grow flex-col max-w-full\">\n<div class=\"min-h-[20px] text-message flex w-full flex-col items-end gap-2 whitespace-pre-wrap break-words [.text-message+&amp;]:mt-5 overflow-x-auto\" dir=\"auto\" data-message-author-role=\"assistant\" data-message-id=\"f0473a59-5710-4901-9d94-968e351d28d1\">\n<div class=\"flex w-full flex-col gap-1 empty:hidden first:pt-[3px]\">\n<div class=\"markdown prose w-full break-words dark:prose-invert light\">\n<p>Crafted from raw honey and ripe sour cherries, this mead offers a vibrant and fresh sour-cherry flavour, balanced by natural sweetness. Its deep, ruby-red color and fruit-forward profile with a smooth finish make for an exciting tasting experience.<\/p>\n<\/div>\n<\/div>\n<\/div>\n<\/div>\n<\/div>\n<\/div>\n<ul>\n<li><strong>Vintage: 2025<\/strong><\/li>\n<li>Alcohol:\u00a0 13,2 vol. %<\/li>\n<li>Sweetness: semi-dry<\/li>\n<li>Volume: 0,5l<\/li>\n<li>Serve chilled, 6-8\u00b0C<\/li>\n<\/ul>\n<p><span class=\"more-link\"><a href=\"https:\/\/jere-eu.com\/sl\/izdelek\/sour-cherry-mead\/\">Continue Reading<\/a><\/span><\/p>\n","protected":false},"featured_media":22307,"comment_status":"open","ping_status":"closed","template":"","meta":{"_acf_changed":false,"_monsterinsights_skip_tracking":false,"_monsterinsights_sitenote_active":false,"_monsterinsights_sitenote_note":"","_monsterinsights_sitenote_category":0},"product_brand":[],"product_cat":[119],"product_tag":[],"woo-feed-brand":[],"class_list":{"0":"entry","1":"author-gregorjere","2":"has-excerpt","3":"post-22028","4":"product","5":"type-product","6":"status-publish","7":"has-post-thumbnail","8":"product_cat-mead","10":"first","11":"instock","12":"shipping-taxable","13":"purchasable","14":"product-type-simple"},"acf":[],"yoast_head":"<!-- This site is optimized with the Yoast SEO plugin v27.3 - https:\/\/yoast.com\/product\/yoast-seo-wordpress\/ -->\n<title>Sour Cherry Mead, Semi-dry - Jere - Beekeeping &amp; Meadery<\/title>\n<meta name=\"description\" content=\"Sour Cherry Mead ~\u00a0Raw honey &amp; ripe sour cherries make for a fruit-forward profile, a deep ruby-red color and and exciting tasting experience.\" \/>\n<meta name=\"robots\" content=\"index, follow, max-snippet:-1, max-image-preview:large, max-video-preview:-1\" \/>\n<link rel=\"canonical\" href=\"https:\/\/jere-eu.com\/sl\/izdelek\/sour-cherry-mead\/\" \/>\n<meta property=\"og:locale\" content=\"sl_SI\" \/>\n<meta property=\"og:type\" content=\"article\" \/>\n<meta property=\"og:title\" content=\"Sour Cherry Mead, Semi-dry - Jere - Beekeeping &amp; Meadery\" \/>\n<meta property=\"og:description\" content=\"Sour Cherry Mead ~\u00a0Raw honey &amp; ripe sour cherries make for a fruit-forward profile, a deep ruby-red color and and exciting tasting experience.\" \/>\n<meta property=\"og:url\" content=\"https:\/\/jere-eu.com\/sl\/izdelek\/sour-cherry-mead\/\" \/>\n<meta property=\"og:site_name\" content=\"Jere - Beekeeping &amp; Meadery\" \/>\n<meta property=\"article:publisher\" content=\"https:\/\/www.facebook.com\/cebelarstvojere\" \/>\n<meta property=\"article:modified_time\" content=\"2026-04-10T06:47:07+00:00\" \/>\n<meta property=\"og:image\" content=\"https:\/\/jere-eu.com\/wp-content\/uploads\/2024\/07\/5249336148054709044.jpg\" \/>\n\t<meta property=\"og:image:width\" content=\"760\" \/>\n\t<meta property=\"og:image:height\" content=\"1280\" \/>\n\t<meta property=\"og:image:type\" content=\"image\/jpeg\" \/>\n<meta name=\"twitter:card\" content=\"summary_large_image\" \/>\n<script type=\"application\/ld+json\" class=\"yoast-schema-graph\">{\"@context\":\"https:\\\/\\\/schema.org\",\"@graph\":[{\"@type\":\"WebPage\",\"@id\":\"https:\\\/\\\/jere-eu.com\\\/product\\\/sour-cherry-mead\\\/\",\"url\":\"https:\\\/\\\/jere-eu.com\\\/product\\\/sour-cherry-mead\\\/\",\"name\":\"Sour Cherry Mead, Semi-dry - Jere - Beekeeping &amp; Meadery\",\"isPartOf\":{\"@id\":\"https:\\\/\\\/jere-eu.com\\\/#website\"},\"primaryImageOfPage\":{\"@id\":\"https:\\\/\\\/jere-eu.com\\\/product\\\/sour-cherry-mead\\\/#primaryimage\"},\"image\":{\"@id\":\"https:\\\/\\\/jere-eu.com\\\/product\\\/sour-cherry-mead\\\/#primaryimage\"},\"thumbnailUrl\":\"https:\\\/\\\/jere-eu.com\\\/wp-content\\\/uploads\\\/2024\\\/07\\\/5249336148054709044.jpg\",\"datePublished\":\"2024-07-20T18:57:18+00:00\",\"dateModified\":\"2026-04-10T06:47:07+00:00\",\"description\":\"Sour Cherry Mead ~\u00a0Raw honey & ripe sour cherries make for a fruit-forward profile, a deep ruby-red color and and exciting tasting experience.\",\"breadcrumb\":{\"@id\":\"https:\\\/\\\/jere-eu.com\\\/product\\\/sour-cherry-mead\\\/#breadcrumb\"},\"inLanguage\":\"sl-SI\",\"potentialAction\":[{\"@type\":\"ReadAction\",\"target\":[\"https:\\\/\\\/jere-eu.com\\\/product\\\/sour-cherry-mead\\\/\"]}]},{\"@type\":\"ImageObject\",\"inLanguage\":\"sl-SI\",\"@id\":\"https:\\\/\\\/jere-eu.com\\\/product\\\/sour-cherry-mead\\\/#primaryimage\",\"url\":\"https:\\\/\\\/jere-eu.com\\\/wp-content\\\/uploads\\\/2024\\\/07\\\/5249336148054709044.jpg\",\"contentUrl\":\"https:\\\/\\\/jere-eu.com\\\/wp-content\\\/uploads\\\/2024\\\/07\\\/5249336148054709044.jpg\",\"width\":760,\"height\":1280,\"caption\":\"Sour cherry mead, meadery jere\"},{\"@type\":\"BreadcrumbList\",\"@id\":\"https:\\\/\\\/jere-eu.com\\\/product\\\/sour-cherry-mead\\\/#breadcrumb\",\"itemListElement\":[{\"@type\":\"ListItem\",\"position\":1,\"name\":\"Home\",\"item\":\"https:\\\/\\\/jere-eu.com\\\/\"},{\"@type\":\"ListItem\",\"position\":2,\"name\":\"SHOP\",\"item\":\"https:\\\/\\\/jere-eu.com\\\/shop\\\/\"},{\"@type\":\"ListItem\",\"position\":3,\"name\":\"Sour Cherry Mead, Semi-dry\"}]},{\"@type\":\"WebSite\",\"@id\":\"https:\\\/\\\/jere-eu.com\\\/#website\",\"url\":\"https:\\\/\\\/jere-eu.com\\\/\",\"name\":\"Jere - Beekeeping &amp; Meadery\",\"description\":\"Meadery Jere - Premium Mead &amp; Sparkling Mead from Slovenia\",\"potentialAction\":[{\"@type\":\"SearchAction\",\"target\":{\"@type\":\"EntryPoint\",\"urlTemplate\":\"https:\\\/\\\/jere-eu.com\\\/?s={search_term_string}\"},\"query-input\":{\"@type\":\"PropertyValueSpecification\",\"valueRequired\":true,\"valueName\":\"search_term_string\"}}],\"inLanguage\":\"sl-SI\"}]}<\/script>\n<!-- \/ Yoast SEO plugin. -->","yoast_head_json":{"title":"Sour Cherry Mead, Semi-dry - Jere - Beekeeping &amp; Meadery","description":"Vi\u0161njevo medeno vino ~ Med in zrele vi\u0161nje ustvarjajo bogat ter osve\u017eilen saden okus in rubinasto barvo, ki pri\u010dara edinstveno izku\u0161njo.","robots":{"index":"index","follow":"follow","max-snippet":"max-snippet:-1","max-image-preview":"max-image-preview:large","max-video-preview":"max-video-preview:-1"},"canonical":"https:\/\/jere-eu.com\/sl\/izdelek\/sour-cherry-mead\/","og_locale":"sl_SI","og_type":"article","og_title":"Sour Cherry Mead, Semi-dry - Jere - Beekeeping &amp; Meadery","og_description":"Sour Cherry Mead ~\u00a0Raw honey & ripe sour cherries make for a fruit-forward profile, a deep ruby-red color and and exciting tasting experience.","og_url":"https:\/\/jere-eu.com\/sl\/izdelek\/sour-cherry-mead\/","og_site_name":"Jere - Beekeeping &amp; Meadery","article_publisher":"https:\/\/www.facebook.com\/cebelarstvojere","article_modified_time":"2026-04-10T06:47:07+00:00","og_image":[{"width":760,"height":1280,"url":"https:\/\/jere-eu.com\/wp-content\/uploads\/2024\/07\/5249336148054709044.jpg","type":"image\/jpeg"}],"twitter_card":"summary_large_image","schema":{"@context":"https:\/\/schema.org","@graph":[{"@type":"WebPage","@id":"https:\/\/jere-eu.com\/product\/sour-cherry-mead\/","url":"https:\/\/jere-eu.com\/product\/sour-cherry-mead\/","name":"Sour Cherry Mead, Semi-dry - Jere - Beekeeping &amp; Meadery","isPartOf":{"@id":"https:\/\/jere-eu.com\/#website"},"primaryImageOfPage":{"@id":"https:\/\/jere-eu.com\/product\/sour-cherry-mead\/#primaryimage"},"image":{"@id":"https:\/\/jere-eu.com\/product\/sour-cherry-mead\/#primaryimage"},"thumbnailUrl":"https:\/\/jere-eu.com\/wp-content\/uploads\/2024\/07\/5249336148054709044.jpg","datePublished":"2024-07-20T18:57:18+00:00","dateModified":"2026-04-10T06:47:07+00:00","description":"Vi\u0161njevo medeno vino ~ Med in zrele vi\u0161nje ustvarjajo bogat ter osve\u017eilen saden okus in rubinasto barvo, ki pri\u010dara edinstveno izku\u0161njo.","breadcrumb":{"@id":"https:\/\/jere-eu.com\/product\/sour-cherry-mead\/#breadcrumb"},"inLanguage":"sl-SI","potentialAction":[{"@type":"ReadAction","target":["https:\/\/jere-eu.com\/product\/sour-cherry-mead\/"]}]},{"@type":"ImageObject","inLanguage":"sl-SI","@id":"https:\/\/jere-eu.com\/product\/sour-cherry-mead\/#primaryimage","url":"https:\/\/jere-eu.com\/wp-content\/uploads\/2024\/07\/5249336148054709044.jpg","contentUrl":"https:\/\/jere-eu.com\/wp-content\/uploads\/2024\/07\/5249336148054709044.jpg","width":760,"height":1280,"caption":"Sour cherry mead, meadery jere"},{"@type":"BreadcrumbList","@id":"https:\/\/jere-eu.com\/product\/sour-cherry-mead\/#breadcrumb","itemListElement":[{"@type":"ListItem","position":1,"name":"Home","item":"https:\/\/jere-eu.com\/"},{"@type":"ListItem","position":2,"name":"SHOP","item":"https:\/\/jere-eu.com\/shop\/"},{"@type":"ListItem","position":3,"name":"Sour Cherry Mead, Semi-dry"}]},{"@type":"WebSite","@id":"https:\/\/jere-eu.com\/#website","url":"https:\/\/jere-eu.com\/","name":"Medena vina Jere","description":"Meadery Jere - Premium Mead &amp; Sparkling Mead from Slovenia","potentialAction":[{"@type":"SearchAction","target":{"@type":"EntryPoint","urlTemplate":"https:\/\/jere-eu.com\/?s={search_term_string}"},"query-input":{"@type":"PropertyValueSpecification","valueRequired":true,"valueName":"search_term_string"}}],"inLanguage":"sl-SI"}]}},"_links":{"self":[{"href":"https:\/\/jere-eu.com\/sl\/wp-json\/wp\/v2\/product\/22028","targetHints":{"allow":["GET"]}}],"collection":[{"href":"https:\/\/jere-eu.com\/sl\/wp-json\/wp\/v2\/product"}],"about":[{"href":"https:\/\/jere-eu.com\/sl\/wp-json\/wp\/v2\/types\/product"}],"replies":[{"embeddable":true,"href":"https:\/\/jere-eu.com\/sl\/wp-json\/wp\/v2\/comments?post=22028"}],"wp:featuredmedia":[{"embeddable":true,"href":"https:\/\/jere-eu.com\/sl\/wp-json\/wp\/v2\/media\/22307"}],"wp:attachment":[{"href":"https:\/\/jere-eu.com\/sl\/wp-json\/wp\/v2\/media?parent=22028"}],"wp:term":[{"taxonomy":"product_brand","embeddable":true,"href":"https:\/\/jere-eu.com\/sl\/wp-json\/wp\/v2\/product_brand?post=22028"},{"taxonomy":"product_cat","embeddable":true,"href":"https:\/\/jere-eu.com\/sl\/wp-json\/wp\/v2\/product_cat?post=22028"},{"taxonomy":"product_tag","embeddable":true,"href":"https:\/\/jere-eu.com\/sl\/wp-json\/wp\/v2\/product_tag?post=22028"},{"taxonomy":"woo-feed-brand","embeddable":true,"href":"https:\/\/jere-eu.com\/sl\/wp-json\/wp\/v2\/woo-feed-brand?post=22028"}],"curies":[{"name":"wp","href":"https:\/\/api.w.org\/{rel}","templated":true}]}}