{"id":21392,"date":"2021-11-13T18:52:40","date_gmt":"2021-11-13T17:52:40","guid":{"rendered":"https:\/\/jere-eu.com\/?post_type=product&#038;p=21392"},"modified":"2026-04-02T14:24:45","modified_gmt":"2026-04-02T12:24:45","slug":"brut-sparkling-mead","status":"publish","type":"product","link":"https:\/\/jere-eu.com\/sl\/izdelek\/brut-sparkling-mead\/","title":{"rendered":"Brut pene\u010da medica"},"content":{"rendered":"<p><strong><em>~Sommelier priporo\u010da~\u00a0<\/em><\/strong><\/p>\n<p>Drobni mehur\u010dki, kot biseri, prina\u0161ajo sve\u017eino in \u017eivahno kislino v kompleksen, bogat in cvetli\u010den profil. Ta redka pene\u010da medica, fermentirana iz naravnega medu, je zorela na dro\u017eeh kar 6 let.<\/p>\n<p>Lahko ga postre\u017eete kot aperitiv, tukaj pa je \u0161e nekaj idej za postre\u017ebo s hrano:<\/p>\n<ul>\n<li>pokrova\u010de, jastog<\/li>\n<li>foie gras<\/li>\n<li>brie, camembert<\/li>\n<li>maline, breskve, ...<\/li>\n<\/ul>\n<p>Unikatna pija\u010da za prav posebne kulinari\u010dne u\u017eitke! Popolna za prav vsako prilo\u017enost. Naj bo to spro\u0161\u010den ve\u010der s prijatelji, rojstnodnevna zabava, poroka ali pa celo medeni tedni ... U\u017eivaj!<\/p>\n<p>&nbsp;<\/p>","protected":false},"excerpt":{"rendered":"<p>&nbsp;<\/p>\n<p><strong><em>~ Do\u017eivite klasi\u010dno brut pene\u010do medico ~\u00a0<\/em><\/strong><\/p>\n<p>&nbsp;<\/p>\n<p data-start=\"288\" data-end=\"404\">Drobni mehur\u010dki, kot biseri, prina\u0161ajo sve\u017eino in \u017eivahno kislino v kompleksen, bogat in cvetli\u010den profil.<\/p>\n<p data-start=\"406\" data-end=\"549\" class=\"translation-block\">Ustvarjena iz <strong>izbranega gozdnega in kostanjevega medu<\/strong>, ta pene\u010da medica je zorela na dro\u017eeh 6 let ter razkriva globino, strukturo in prepoznaven, eleganten zna\u010daj.<\/p>\n<ul>\n<li><strong>Letnik: 2018<\/strong><\/li>\n<li>Alkohol: 12,0 vol. %<\/li>\n<li>brut, ostanek naravnih nepovretih sladkorjev: 12g\/l<\/li>\n<li>Volumen: 0,75l<\/li>\n<li>Postre\u017ei ohlajeno na 6-8\u00b0C<\/li>\n<\/ul>\n<p>Darilna embala\u017ea NI vklju\u010dena. Za priporo\u010dila k hrani si oglejte spodnji razdelek.<\/p>\n<p>Popolna kot prefinjeno darilo ali edinstvena alternativa \u0161ampanjcu.<span class=\"more-link\"><a href=\"https:\/\/jere-eu.com\/sl\/izdelek\/brut-sparkling-mead\/\">Continue Reading<\/a><\/span><\/p>","protected":false},"featured_media":22053,"comment_status":"open","ping_status":"closed","template":"","meta":{"_acf_changed":false,"_monsterinsights_skip_tracking":false,"_monsterinsights_sitenote_active":false,"_monsterinsights_sitenote_note":"","_monsterinsights_sitenote_category":0},"product_brand":[],"product_cat":[135],"product_tag":[126],"woo-feed-brand":[],"class_list":{"0":"entry","1":"author-gregorjere","2":"has-excerpt","3":"post-21392","4":"product","5":"type-product","6":"status-publish","7":"has-post-thumbnail","8":"product_cat-sparklingmead","9":"product_tag-sparklingmead","11":"first","12":"instock","13":"shipping-taxable","14":"purchasable","15":"product-type-simple"},"acf":[],"yoast_head":"<!-- This site is optimized with the Yoast SEO plugin v27.3 - https:\/\/yoast.com\/product\/yoast-seo-wordpress\/ -->\n<title>Brut Sparkling Mead - Jere - Beekeeping &amp; Meadery<\/title>\n<meta name=\"description\" content=\"Our Sparkling Mead is made by the traditional method. It is light, fruity, floral and very aromatic. Check it out!\" \/>\n<meta name=\"robots\" content=\"index, follow, max-snippet:-1, max-image-preview:large, max-video-preview:-1\" \/>\n<link rel=\"canonical\" href=\"https:\/\/jere-eu.com\/sl\/izdelek\/brut-sparkling-mead\/\" \/>\n<meta property=\"og:locale\" content=\"sl_SI\" \/>\n<meta property=\"og:type\" content=\"article\" \/>\n<meta property=\"og:title\" content=\"Brut Sparkling Mead - Jere - Beekeeping &amp; Meadery\" \/>\n<meta property=\"og:description\" content=\"Our Sparkling Mead is made by the traditional method. It is light, fruity, floral and very aromatic. Check it out!\" \/>\n<meta property=\"og:url\" content=\"https:\/\/jere-eu.com\/sl\/izdelek\/brut-sparkling-mead\/\" \/>\n<meta property=\"og:site_name\" content=\"Jere - Beekeeping &amp; Meadery\" \/>\n<meta property=\"article:publisher\" content=\"https:\/\/www.facebook.com\/cebelarstvojere\" \/>\n<meta property=\"article:modified_time\" content=\"2026-04-02T12:24:45+00:00\" \/>\n<meta property=\"og:image\" content=\"https:\/\/jere-eu.com\/wp-content\/uploads\/2021\/11\/BRUT-1.jpeg\" \/>\n\t<meta property=\"og:image:width\" content=\"1066\" \/>\n\t<meta property=\"og:image:height\" content=\"2001\" \/>\n\t<meta property=\"og:image:type\" content=\"image\/jpeg\" \/>\n<meta name=\"twitter:card\" content=\"summary_large_image\" \/>\n<script type=\"application\/ld+json\" class=\"yoast-schema-graph\">{\"@context\":\"https:\\\/\\\/schema.org\",\"@graph\":[{\"@type\":\"WebPage\",\"@id\":\"https:\\\/\\\/jere-eu.com\\\/product\\\/brut-sparkling-mead\\\/\",\"url\":\"https:\\\/\\\/jere-eu.com\\\/product\\\/brut-sparkling-mead\\\/\",\"name\":\"Brut Sparkling Mead - Jere - Beekeeping &amp; Meadery\",\"isPartOf\":{\"@id\":\"https:\\\/\\\/jere-eu.com\\\/#website\"},\"primaryImageOfPage\":{\"@id\":\"https:\\\/\\\/jere-eu.com\\\/product\\\/brut-sparkling-mead\\\/#primaryimage\"},\"image\":{\"@id\":\"https:\\\/\\\/jere-eu.com\\\/product\\\/brut-sparkling-mead\\\/#primaryimage\"},\"thumbnailUrl\":\"https:\\\/\\\/jere-eu.com\\\/wp-content\\\/uploads\\\/2021\\\/11\\\/BRUT-1.jpeg\",\"datePublished\":\"2021-11-13T17:52:40+00:00\",\"dateModified\":\"2026-04-02T12:24:45+00:00\",\"description\":\"Our Sparkling Mead is made by the traditional method. It is light, fruity, floral and very aromatic. Check it out!\",\"breadcrumb\":{\"@id\":\"https:\\\/\\\/jere-eu.com\\\/product\\\/brut-sparkling-mead\\\/#breadcrumb\"},\"inLanguage\":\"sl-SI\",\"potentialAction\":[{\"@type\":\"ReadAction\",\"target\":[\"https:\\\/\\\/jere-eu.com\\\/product\\\/brut-sparkling-mead\\\/\"]}]},{\"@type\":\"ImageObject\",\"inLanguage\":\"sl-SI\",\"@id\":\"https:\\\/\\\/jere-eu.com\\\/product\\\/brut-sparkling-mead\\\/#primaryimage\",\"url\":\"https:\\\/\\\/jere-eu.com\\\/wp-content\\\/uploads\\\/2021\\\/11\\\/BRUT-1.jpeg\",\"contentUrl\":\"https:\\\/\\\/jere-eu.com\\\/wp-content\\\/uploads\\\/2021\\\/11\\\/BRUT-1.jpeg\",\"width\":1066,\"height\":2001,\"caption\":\"brut sparkling mead Jere\"},{\"@type\":\"BreadcrumbList\",\"@id\":\"https:\\\/\\\/jere-eu.com\\\/product\\\/brut-sparkling-mead\\\/#breadcrumb\",\"itemListElement\":[{\"@type\":\"ListItem\",\"position\":1,\"name\":\"Home\",\"item\":\"https:\\\/\\\/jere-eu.com\\\/\"},{\"@type\":\"ListItem\",\"position\":2,\"name\":\"SHOP\",\"item\":\"https:\\\/\\\/jere-eu.com\\\/shop\\\/\"},{\"@type\":\"ListItem\",\"position\":3,\"name\":\"Brut Sparkling Mead\"}]},{\"@type\":\"WebSite\",\"@id\":\"https:\\\/\\\/jere-eu.com\\\/#website\",\"url\":\"https:\\\/\\\/jere-eu.com\\\/\",\"name\":\"Jere - Beekeeping &amp; Meadery\",\"description\":\"Meadery Jere - Premium Mead &amp; Sparkling Mead from Slovenia\",\"potentialAction\":[{\"@type\":\"SearchAction\",\"target\":{\"@type\":\"EntryPoint\",\"urlTemplate\":\"https:\\\/\\\/jere-eu.com\\\/?s={search_term_string}\"},\"query-input\":{\"@type\":\"PropertyValueSpecification\",\"valueRequired\":true,\"valueName\":\"search_term_string\"}}],\"inLanguage\":\"sl-SI\"}]}<\/script>\n<!-- \/ Yoast SEO plugin. -->","yoast_head_json":{"title":"Brut Sparkling Mead - Jere - Beekeeping &amp; Meadery","description":"Our Sparkling Mead is made by the traditional method. It is light, fruity, floral and very aromatic. Check it out!","robots":{"index":"index","follow":"follow","max-snippet":"max-snippet:-1","max-image-preview":"max-image-preview:large","max-video-preview":"max-video-preview:-1"},"canonical":"https:\/\/jere-eu.com\/sl\/izdelek\/brut-sparkling-mead\/","og_locale":"sl_SI","og_type":"article","og_title":"Brut Sparkling Mead - Jere - Beekeeping &amp; Meadery","og_description":"Our Sparkling Mead is made by the traditional method. It is light, fruity, floral and very aromatic. Check it out!","og_url":"https:\/\/jere-eu.com\/sl\/izdelek\/brut-sparkling-mead\/","og_site_name":"Jere - Beekeeping &amp; Meadery","article_publisher":"https:\/\/www.facebook.com\/cebelarstvojere","article_modified_time":"2026-04-02T12:24:45+00:00","og_image":[{"width":1066,"height":2001,"url":"https:\/\/jere-eu.com\/wp-content\/uploads\/2021\/11\/BRUT-1.jpeg","type":"image\/jpeg"}],"twitter_card":"summary_large_image","schema":{"@context":"https:\/\/schema.org","@graph":[{"@type":"WebPage","@id":"https:\/\/jere-eu.com\/product\/brut-sparkling-mead\/","url":"https:\/\/jere-eu.com\/product\/brut-sparkling-mead\/","name":"Brut Sparkling Mead - Jere - Beekeeping &amp; Meadery","isPartOf":{"@id":"https:\/\/jere-eu.com\/#website"},"primaryImageOfPage":{"@id":"https:\/\/jere-eu.com\/product\/brut-sparkling-mead\/#primaryimage"},"image":{"@id":"https:\/\/jere-eu.com\/product\/brut-sparkling-mead\/#primaryimage"},"thumbnailUrl":"https:\/\/jere-eu.com\/wp-content\/uploads\/2021\/11\/BRUT-1.jpeg","datePublished":"2021-11-13T17:52:40+00:00","dateModified":"2026-04-02T12:24:45+00:00","description":"Our Sparkling Mead is made by the traditional method. It is light, fruity, floral and very aromatic. Check it out!","breadcrumb":{"@id":"https:\/\/jere-eu.com\/product\/brut-sparkling-mead\/#breadcrumb"},"inLanguage":"sl-SI","potentialAction":[{"@type":"ReadAction","target":["https:\/\/jere-eu.com\/product\/brut-sparkling-mead\/"]}]},{"@type":"ImageObject","inLanguage":"sl-SI","@id":"https:\/\/jere-eu.com\/product\/brut-sparkling-mead\/#primaryimage","url":"https:\/\/jere-eu.com\/wp-content\/uploads\/2021\/11\/BRUT-1.jpeg","contentUrl":"https:\/\/jere-eu.com\/wp-content\/uploads\/2021\/11\/BRUT-1.jpeg","width":1066,"height":2001,"caption":"brut sparkling mead Jere"},{"@type":"BreadcrumbList","@id":"https:\/\/jere-eu.com\/product\/brut-sparkling-mead\/#breadcrumb","itemListElement":[{"@type":"ListItem","position":1,"name":"Home","item":"https:\/\/jere-eu.com\/"},{"@type":"ListItem","position":2,"name":"SHOP","item":"https:\/\/jere-eu.com\/shop\/"},{"@type":"ListItem","position":3,"name":"Brut Sparkling Mead"}]},{"@type":"WebSite","@id":"https:\/\/jere-eu.com\/#website","url":"https:\/\/jere-eu.com\/","name":"Medena vina Jere","description":"Meadery Jere - Premium Mead &amp; Sparkling Mead from Slovenia","potentialAction":[{"@type":"SearchAction","target":{"@type":"EntryPoint","urlTemplate":"https:\/\/jere-eu.com\/?s={search_term_string}"},"query-input":{"@type":"PropertyValueSpecification","valueRequired":true,"valueName":"search_term_string"}}],"inLanguage":"sl-SI"}]}},"_links":{"self":[{"href":"https:\/\/jere-eu.com\/sl\/wp-json\/wp\/v2\/product\/21392","targetHints":{"allow":["GET"]}}],"collection":[{"href":"https:\/\/jere-eu.com\/sl\/wp-json\/wp\/v2\/product"}],"about":[{"href":"https:\/\/jere-eu.com\/sl\/wp-json\/wp\/v2\/types\/product"}],"replies":[{"embeddable":true,"href":"https:\/\/jere-eu.com\/sl\/wp-json\/wp\/v2\/comments?post=21392"}],"wp:featuredmedia":[{"embeddable":true,"href":"https:\/\/jere-eu.com\/sl\/wp-json\/wp\/v2\/media\/22053"}],"wp:attachment":[{"href":"https:\/\/jere-eu.com\/sl\/wp-json\/wp\/v2\/media?parent=21392"}],"wp:term":[{"taxonomy":"product_brand","embeddable":true,"href":"https:\/\/jere-eu.com\/sl\/wp-json\/wp\/v2\/product_brand?post=21392"},{"taxonomy":"product_cat","embeddable":true,"href":"https:\/\/jere-eu.com\/sl\/wp-json\/wp\/v2\/product_cat?post=21392"},{"taxonomy":"product_tag","embeddable":true,"href":"https:\/\/jere-eu.com\/sl\/wp-json\/wp\/v2\/product_tag?post=21392"},{"taxonomy":"woo-feed-brand","embeddable":true,"href":"https:\/\/jere-eu.com\/sl\/wp-json\/wp\/v2\/woo-feed-brand?post=21392"}],"curies":[{"name":"wp","href":"https:\/\/api.w.org\/{rel}","templated":true}]}}