{"id":18865,"date":"2020-10-04T19:25:26","date_gmt":"2020-10-04T19:25:26","guid":{"rendered":"http:\/\/jere-eu.com\/?post_type=product&#038;p=18865"},"modified":"2026-04-11T21:55:30","modified_gmt":"2026-04-11T19:55:30","slug":"semi-sweet-sparkling-mead-075l","status":"publish","type":"product","link":"https:\/\/jere-eu.com\/sl\/izdelek\/semi-sweet-sparkling-mead-075l\/","title":{"rendered":"Polsladko pene\u010de medeno vino"},"content":{"rendered":"<p><strong><em>~Sommelier priporo\u010da~\u00a0<\/em><\/strong><\/p>\n<p>&nbsp;<\/p>\n<p>V vsakem kozar\u010dku na\u0161ega pene\u010dega medenega vina lahko za\u010duti\u0161 okus pomladi in vonj cveto\u010dih travnikov. Je sve\u017ee, sadno in izredno aromati\u010dno. Postre\u017ee\u0161 ga lahko kot aperitiv ali ob sladici.<\/p>\n<ul>\n<li>Sadje (jadogi\u010devje, lubenica, breskve ...) Odli\u010dno za pripravo bovle!<\/li>\n<li>Kremaste sladice, sladice s smetano<\/li>\n<li>Sladica makroni<\/li>\n<\/ul>\n<p>Unikatna pija\u010da za prav posebne kulinari\u010dne u\u017eitke! Popolna za prav vsako prilo\u017enost. Naj bo to spro\u0161\u010den ve\u010der s prijatelji, rojstnodnevna zabava, poroka ali pa celo medeni tedni ... U\u017eivaj!<\/p>\n<p>&nbsp;<\/p>","protected":false},"excerpt":{"rendered":"<p>&nbsp;<\/p>\n<p><strong><em>~ Izkusi klasi\u010dno pene\u010de  medeno vino ~\u00a0<\/em><\/strong><\/p>\n<p>&nbsp;<\/p>\n<p>Na\u0161e pene\u010de medeno vino je narejeno po klasi\u010dni metodi, kar pomeni da sekundarna fermentacija poteka v steklenici. Vsaka steklinica zori na dro\u017eeh najmanj 24 mesecev. Je lahko, sadnega okusa ter izredno aromati\u010dno z notami cvetlic.<\/p>\n<ul>\n<li><strong>Letnik: 2020<\/strong><\/li>\n<li>Alkohol: 12,5 vol. %<\/li>\n<li>Sladkost: polsladko<\/li>\n<li>Volumen: 0,75l<\/li>\n<li>Postre\u017ei ohlajeno na 6-8\u00b0C<\/li>\n<\/ul>\n<p>Darilna embala\u017ea NI vklju\u010dena!<span class=\"more-link\"><a href=\"https:\/\/jere-eu.com\/sl\/izdelek\/semi-sweet-sparkling-mead-075l\/\">Continue Reading<\/a><\/span><\/p>","protected":false},"featured_media":22054,"comment_status":"open","ping_status":"closed","template":"","meta":{"_acf_changed":false,"_monsterinsights_skip_tracking":false,"_monsterinsights_sitenote_active":false,"_monsterinsights_sitenote_note":"","_monsterinsights_sitenote_category":0},"product_brand":[],"product_cat":[135],"product_tag":[126],"woo-feed-brand":[],"class_list":{"0":"entry","1":"author-gregorjere","2":"has-excerpt","3":"post-18865","4":"product","5":"type-product","6":"status-publish","7":"has-post-thumbnail","8":"product_cat-sparklingmead","9":"product_tag-sparklingmead","11":"first","12":"instock","13":"shipping-taxable","14":"purchasable","15":"product-type-simple"},"acf":[],"yoast_head":"<!-- This site is optimized with the Yoast SEO plugin v27.3 - https:\/\/yoast.com\/product\/yoast-seo-wordpress\/ -->\n<title>Semi-sweet Sparkling Mead - Jere - Beekeeping &amp; Meadery<\/title>\n<meta name=\"description\" content=\"Our Sparkling Mead is made by the traditional method. It is light, fruity, floral and very aromatic. Check it out!\" \/>\n<meta name=\"robots\" content=\"index, follow, max-snippet:-1, max-image-preview:large, max-video-preview:-1\" \/>\n<link rel=\"canonical\" href=\"https:\/\/jere-eu.com\/sl\/izdelek\/semi-sweet-sparkling-mead-075l\/\" \/>\n<meta property=\"og:locale\" content=\"sl_SI\" \/>\n<meta property=\"og:type\" content=\"article\" \/>\n<meta property=\"og:title\" content=\"Semi-sweet Sparkling Mead - Jere - Beekeeping &amp; Meadery\" \/>\n<meta property=\"og:description\" content=\"Our Sparkling Mead is made by the traditional method. It is light, fruity, floral and very aromatic. Check it out!\" \/>\n<meta property=\"og:url\" content=\"https:\/\/jere-eu.com\/sl\/izdelek\/semi-sweet-sparkling-mead-075l\/\" \/>\n<meta property=\"og:site_name\" content=\"Jere - Beekeeping &amp; Meadery\" \/>\n<meta property=\"article:publisher\" content=\"https:\/\/www.facebook.com\/cebelarstvojere\" \/>\n<meta property=\"article:modified_time\" content=\"2026-04-11T19:55:30+00:00\" \/>\n<meta property=\"og:image\" content=\"https:\/\/jere-eu.com\/wp-content\/uploads\/2020\/10\/SEMI-SWEET-1.jpeg\" \/>\n\t<meta property=\"og:image:width\" content=\"1066\" \/>\n\t<meta property=\"og:image:height\" content=\"2001\" \/>\n\t<meta property=\"og:image:type\" content=\"image\/jpeg\" \/>\n<meta name=\"twitter:card\" content=\"summary_large_image\" \/>\n<script type=\"application\/ld+json\" class=\"yoast-schema-graph\">{\"@context\":\"https:\\\/\\\/schema.org\",\"@graph\":[{\"@type\":\"WebPage\",\"@id\":\"https:\\\/\\\/jere-eu.com\\\/product\\\/semi-sweet-sparkling-mead-075l\\\/\",\"url\":\"https:\\\/\\\/jere-eu.com\\\/product\\\/semi-sweet-sparkling-mead-075l\\\/\",\"name\":\"Semi-sweet Sparkling Mead - Jere - Beekeeping &amp; Meadery\",\"isPartOf\":{\"@id\":\"https:\\\/\\\/jere-eu.com\\\/#website\"},\"primaryImageOfPage\":{\"@id\":\"https:\\\/\\\/jere-eu.com\\\/product\\\/semi-sweet-sparkling-mead-075l\\\/#primaryimage\"},\"image\":{\"@id\":\"https:\\\/\\\/jere-eu.com\\\/product\\\/semi-sweet-sparkling-mead-075l\\\/#primaryimage\"},\"thumbnailUrl\":\"https:\\\/\\\/jere-eu.com\\\/wp-content\\\/uploads\\\/2020\\\/10\\\/SEMI-SWEET-1.jpeg\",\"datePublished\":\"2020-10-04T19:25:26+00:00\",\"dateModified\":\"2026-04-11T19:55:30+00:00\",\"description\":\"Our Sparkling Mead is made by the traditional method. It is light, fruity, floral and very aromatic. Check it out!\",\"breadcrumb\":{\"@id\":\"https:\\\/\\\/jere-eu.com\\\/product\\\/semi-sweet-sparkling-mead-075l\\\/#breadcrumb\"},\"inLanguage\":\"sl-SI\",\"potentialAction\":[{\"@type\":\"ReadAction\",\"target\":[\"https:\\\/\\\/jere-eu.com\\\/product\\\/semi-sweet-sparkling-mead-075l\\\/\"]}]},{\"@type\":\"ImageObject\",\"inLanguage\":\"sl-SI\",\"@id\":\"https:\\\/\\\/jere-eu.com\\\/product\\\/semi-sweet-sparkling-mead-075l\\\/#primaryimage\",\"url\":\"https:\\\/\\\/jere-eu.com\\\/wp-content\\\/uploads\\\/2020\\\/10\\\/SEMI-SWEET-1.jpeg\",\"contentUrl\":\"https:\\\/\\\/jere-eu.com\\\/wp-content\\\/uploads\\\/2020\\\/10\\\/SEMI-SWEET-1.jpeg\",\"width\":1066,\"height\":2001,\"caption\":\"semisweet-sparkling-mead-jere\"},{\"@type\":\"BreadcrumbList\",\"@id\":\"https:\\\/\\\/jere-eu.com\\\/product\\\/semi-sweet-sparkling-mead-075l\\\/#breadcrumb\",\"itemListElement\":[{\"@type\":\"ListItem\",\"position\":1,\"name\":\"Home\",\"item\":\"https:\\\/\\\/jere-eu.com\\\/\"},{\"@type\":\"ListItem\",\"position\":2,\"name\":\"SHOP\",\"item\":\"https:\\\/\\\/jere-eu.com\\\/shop\\\/\"},{\"@type\":\"ListItem\",\"position\":3,\"name\":\"Semi-sweet Sparkling Mead\"}]},{\"@type\":\"WebSite\",\"@id\":\"https:\\\/\\\/jere-eu.com\\\/#website\",\"url\":\"https:\\\/\\\/jere-eu.com\\\/\",\"name\":\"Jere - Beekeeping &amp; Meadery\",\"description\":\"Meadery Jere - Premium Mead &amp; Sparkling Mead from Slovenia\",\"potentialAction\":[{\"@type\":\"SearchAction\",\"target\":{\"@type\":\"EntryPoint\",\"urlTemplate\":\"https:\\\/\\\/jere-eu.com\\\/?s={search_term_string}\"},\"query-input\":{\"@type\":\"PropertyValueSpecification\",\"valueRequired\":true,\"valueName\":\"search_term_string\"}}],\"inLanguage\":\"sl-SI\"}]}<\/script>\n<!-- \/ Yoast SEO plugin. -->","yoast_head_json":{"title":"Semi-sweet Sparkling Mead - Jere - Beekeeping &amp; Meadery","description":"Our Sparkling Mead is made by the traditional method. It is light, fruity, floral and very aromatic. Check it out!","robots":{"index":"index","follow":"follow","max-snippet":"max-snippet:-1","max-image-preview":"max-image-preview:large","max-video-preview":"max-video-preview:-1"},"canonical":"https:\/\/jere-eu.com\/sl\/izdelek\/semi-sweet-sparkling-mead-075l\/","og_locale":"sl_SI","og_type":"article","og_title":"Semi-sweet Sparkling Mead - Jere - Beekeeping &amp; Meadery","og_description":"Our Sparkling Mead is made by the traditional method. It is light, fruity, floral and very aromatic. Check it out!","og_url":"https:\/\/jere-eu.com\/sl\/izdelek\/semi-sweet-sparkling-mead-075l\/","og_site_name":"Jere - Beekeeping &amp; Meadery","article_publisher":"https:\/\/www.facebook.com\/cebelarstvojere","article_modified_time":"2026-04-11T19:55:30+00:00","og_image":[{"width":1066,"height":2001,"url":"https:\/\/jere-eu.com\/wp-content\/uploads\/2020\/10\/SEMI-SWEET-1.jpeg","type":"image\/jpeg"}],"twitter_card":"summary_large_image","schema":{"@context":"https:\/\/schema.org","@graph":[{"@type":"WebPage","@id":"https:\/\/jere-eu.com\/product\/semi-sweet-sparkling-mead-075l\/","url":"https:\/\/jere-eu.com\/product\/semi-sweet-sparkling-mead-075l\/","name":"Semi-sweet Sparkling Mead - Jere - Beekeeping &amp; Meadery","isPartOf":{"@id":"https:\/\/jere-eu.com\/#website"},"primaryImageOfPage":{"@id":"https:\/\/jere-eu.com\/product\/semi-sweet-sparkling-mead-075l\/#primaryimage"},"image":{"@id":"https:\/\/jere-eu.com\/product\/semi-sweet-sparkling-mead-075l\/#primaryimage"},"thumbnailUrl":"https:\/\/jere-eu.com\/wp-content\/uploads\/2020\/10\/SEMI-SWEET-1.jpeg","datePublished":"2020-10-04T19:25:26+00:00","dateModified":"2026-04-11T19:55:30+00:00","description":"Our Sparkling Mead is made by the traditional method. It is light, fruity, floral and very aromatic. Check it out!","breadcrumb":{"@id":"https:\/\/jere-eu.com\/product\/semi-sweet-sparkling-mead-075l\/#breadcrumb"},"inLanguage":"sl-SI","potentialAction":[{"@type":"ReadAction","target":["https:\/\/jere-eu.com\/product\/semi-sweet-sparkling-mead-075l\/"]}]},{"@type":"ImageObject","inLanguage":"sl-SI","@id":"https:\/\/jere-eu.com\/product\/semi-sweet-sparkling-mead-075l\/#primaryimage","url":"https:\/\/jere-eu.com\/wp-content\/uploads\/2020\/10\/SEMI-SWEET-1.jpeg","contentUrl":"https:\/\/jere-eu.com\/wp-content\/uploads\/2020\/10\/SEMI-SWEET-1.jpeg","width":1066,"height":2001,"caption":"semisweet-sparkling-mead-jere"},{"@type":"BreadcrumbList","@id":"https:\/\/jere-eu.com\/product\/semi-sweet-sparkling-mead-075l\/#breadcrumb","itemListElement":[{"@type":"ListItem","position":1,"name":"Home","item":"https:\/\/jere-eu.com\/"},{"@type":"ListItem","position":2,"name":"SHOP","item":"https:\/\/jere-eu.com\/shop\/"},{"@type":"ListItem","position":3,"name":"Semi-sweet Sparkling Mead"}]},{"@type":"WebSite","@id":"https:\/\/jere-eu.com\/#website","url":"https:\/\/jere-eu.com\/","name":"Medena vina Jere","description":"Meadery Jere - Premium Mead &amp; Sparkling Mead from Slovenia","potentialAction":[{"@type":"SearchAction","target":{"@type":"EntryPoint","urlTemplate":"https:\/\/jere-eu.com\/?s={search_term_string}"},"query-input":{"@type":"PropertyValueSpecification","valueRequired":true,"valueName":"search_term_string"}}],"inLanguage":"sl-SI"}]}},"_links":{"self":[{"href":"https:\/\/jere-eu.com\/sl\/wp-json\/wp\/v2\/product\/18865","targetHints":{"allow":["GET"]}}],"collection":[{"href":"https:\/\/jere-eu.com\/sl\/wp-json\/wp\/v2\/product"}],"about":[{"href":"https:\/\/jere-eu.com\/sl\/wp-json\/wp\/v2\/types\/product"}],"replies":[{"embeddable":true,"href":"https:\/\/jere-eu.com\/sl\/wp-json\/wp\/v2\/comments?post=18865"}],"wp:featuredmedia":[{"embeddable":true,"href":"https:\/\/jere-eu.com\/sl\/wp-json\/wp\/v2\/media\/22054"}],"wp:attachment":[{"href":"https:\/\/jere-eu.com\/sl\/wp-json\/wp\/v2\/media?parent=18865"}],"wp:term":[{"taxonomy":"product_brand","embeddable":true,"href":"https:\/\/jere-eu.com\/sl\/wp-json\/wp\/v2\/product_brand?post=18865"},{"taxonomy":"product_cat","embeddable":true,"href":"https:\/\/jere-eu.com\/sl\/wp-json\/wp\/v2\/product_cat?post=18865"},{"taxonomy":"product_tag","embeddable":true,"href":"https:\/\/jere-eu.com\/sl\/wp-json\/wp\/v2\/product_tag?post=18865"},{"taxonomy":"woo-feed-brand","embeddable":true,"href":"https:\/\/jere-eu.com\/sl\/wp-json\/wp\/v2\/woo-feed-brand?post=18865"}],"curies":[{"name":"wp","href":"https:\/\/api.w.org\/{rel}","templated":true}]}}