{"id":18863,"date":"2020-10-04T19:16:59","date_gmt":"2020-10-04T19:16:59","guid":{"rendered":"http:\/\/jere-eu.com\/?post_type=product&#038;p=18863"},"modified":"2026-04-05T18:29:17","modified_gmt":"2026-04-05T16:29:17","slug":"pure-sweet-mead","status":"publish","type":"product","link":"https:\/\/jere-eu.com\/sl\/izdelek\/pure-sweet-mead\/","title":{"rendered":"Sladko medeno vino\u3164\u3164"},"content":{"rendered":"<p><strong><em>~Sommelier priporo\u010da~\u00a0<\/em><\/strong><\/p>\n<p>&nbsp;<\/p>\n<p>Sladko medeno vino je narejeno s fermentacijo cvetli\u010dnega medu. Njegov okus je izredno bogat in \u017eameten. Odli\u010dno je v kombinaciji s\/z:<\/p>\n<ul>\n<li>siri s plemenito plesnijo<\/li>\n<li>vanilijo<\/li>\n<li>karamelo<\/li>\n<li>breskvami<\/li>\n<li>temno \u010dokolado<\/li>\n<li>kave<\/li>\n<li>rumom<\/li>\n<\/ul>\n<p>~ Unikatna pija\u010da za enkratne kulinari\u010dne u\u017eitke!<\/p>","protected":false},"excerpt":{"rendered":"<p><strong><em>~ Do\u017eivi sladko medeno vino ~\u00a0<\/em><\/strong><\/p>\n<p>&nbsp;<\/p>\n<p>This is a pure mead, fermented from raw flower honey. The taste of this sweet mead is incredibly rich, buttery, floral, and smooth.<\/p>\n<ul>\n<li><strong>Letnik: 2024<\/strong><\/li>\n<li>Alkohol: 14,3 vol. %<\/li>\n<li>Sladkost: sladko<\/li>\n<li>Volumen: 0,5l<\/li>\n<li>Postre\u017ei ohlajeno na 6-8\u00b0C<\/li>\n<\/ul>\n<p><span class=\"more-link\"><a href=\"https:\/\/jere-eu.com\/sl\/izdelek\/pure-sweet-mead\/\">Continue Reading<\/a><\/span><\/p>","protected":false},"featured_media":18511,"comment_status":"open","ping_status":"closed","template":"","meta":{"_acf_changed":false,"_monsterinsights_skip_tracking":false,"_monsterinsights_sitenote_active":false,"_monsterinsights_sitenote_note":"","_monsterinsights_sitenote_category":0},"product_brand":[],"product_cat":[119],"product_tag":[],"woo-feed-brand":[],"class_list":{"0":"entry","1":"author-gregorjere","2":"has-excerpt","3":"post-18863","4":"product","5":"type-product","6":"status-publish","7":"has-post-thumbnail","8":"product_cat-mead","10":"first","11":"instock","12":"shipping-taxable","13":"purchasable","14":"product-type-simple"},"acf":[],"yoast_head":"<!-- This site is optimized with the Yoast SEO plugin v27.3 - https:\/\/yoast.com\/product\/yoast-seo-wordpress\/ -->\n<title>Sweet Mead\u3164\u3164\u3164\u3164\u3164\u3164\u3164\u3164\u3164\u3164\u3164\u3164\u3164\u3164 - Jere - Beekeeping &amp; Meadery<\/title>\n<meta name=\"description\" content=\"This is a pure mead, fermented from raw flower honey. The taste of this sweet mead is incredibly rich, buttery, floral and smooth.\" \/>\n<meta name=\"robots\" content=\"index, follow, max-snippet:-1, max-image-preview:large, max-video-preview:-1\" \/>\n<link rel=\"canonical\" href=\"https:\/\/jere-eu.com\/sl\/izdelek\/pure-sweet-mead\/\" \/>\n<meta property=\"og:locale\" content=\"sl_SI\" \/>\n<meta property=\"og:type\" content=\"article\" \/>\n<meta property=\"og:title\" content=\"Sweet Mead\u3164\u3164\u3164\u3164\u3164\u3164\u3164\u3164\u3164\u3164\u3164\u3164\u3164\u3164 - Jere - Beekeeping &amp; Meadery\" \/>\n<meta property=\"og:description\" content=\"This is a pure mead, fermented from raw flower honey. The taste of this sweet mead is incredibly rich, buttery, floral and smooth.\" \/>\n<meta property=\"og:url\" content=\"https:\/\/jere-eu.com\/sl\/izdelek\/pure-sweet-mead\/\" \/>\n<meta property=\"og:site_name\" content=\"Jere - Beekeeping &amp; Meadery\" \/>\n<meta property=\"article:publisher\" content=\"https:\/\/www.facebook.com\/cebelarstvojere\" \/>\n<meta property=\"article:modified_time\" content=\"2026-04-05T16:29:17+00:00\" \/>\n<meta property=\"og:image\" content=\"https:\/\/jere-eu.com\/wp-content\/uploads\/2020\/09\/sladko-medeno-vino.jpg\" \/>\n\t<meta property=\"og:image:width\" content=\"1066\" \/>\n\t<meta property=\"og:image:height\" content=\"2000\" \/>\n\t<meta property=\"og:image:type\" content=\"image\/jpeg\" \/>\n<meta name=\"twitter:card\" content=\"summary_large_image\" \/>\n<script type=\"application\/ld+json\" class=\"yoast-schema-graph\">{\"@context\":\"https:\\\/\\\/schema.org\",\"@graph\":[{\"@type\":\"WebPage\",\"@id\":\"https:\\\/\\\/jere-eu.com\\\/product\\\/pure-sweet-mead\\\/\",\"url\":\"https:\\\/\\\/jere-eu.com\\\/product\\\/pure-sweet-mead\\\/\",\"name\":\"Sweet Mead\u3164\u3164\u3164\u3164\u3164\u3164\u3164\u3164\u3164\u3164\u3164\u3164\u3164\u3164 - Jere - Beekeeping &amp; Meadery\",\"isPartOf\":{\"@id\":\"https:\\\/\\\/jere-eu.com\\\/#website\"},\"primaryImageOfPage\":{\"@id\":\"https:\\\/\\\/jere-eu.com\\\/product\\\/pure-sweet-mead\\\/#primaryimage\"},\"image\":{\"@id\":\"https:\\\/\\\/jere-eu.com\\\/product\\\/pure-sweet-mead\\\/#primaryimage\"},\"thumbnailUrl\":\"https:\\\/\\\/jere-eu.com\\\/wp-content\\\/uploads\\\/2020\\\/09\\\/sladko-medeno-vino.jpg\",\"datePublished\":\"2020-10-04T19:16:59+00:00\",\"dateModified\":\"2026-04-05T16:29:17+00:00\",\"description\":\"This is a pure mead, fermented from raw flower honey. The taste of this sweet mead is incredibly rich, buttery, floral and smooth.\",\"breadcrumb\":{\"@id\":\"https:\\\/\\\/jere-eu.com\\\/product\\\/pure-sweet-mead\\\/#breadcrumb\"},\"inLanguage\":\"sl-SI\",\"potentialAction\":[{\"@type\":\"ReadAction\",\"target\":[\"https:\\\/\\\/jere-eu.com\\\/product\\\/pure-sweet-mead\\\/\"]}]},{\"@type\":\"ImageObject\",\"inLanguage\":\"sl-SI\",\"@id\":\"https:\\\/\\\/jere-eu.com\\\/product\\\/pure-sweet-mead\\\/#primaryimage\",\"url\":\"https:\\\/\\\/jere-eu.com\\\/wp-content\\\/uploads\\\/2020\\\/09\\\/sladko-medeno-vino.jpg\",\"contentUrl\":\"https:\\\/\\\/jere-eu.com\\\/wp-content\\\/uploads\\\/2020\\\/09\\\/sladko-medeno-vino.jpg\",\"width\":1066,\"height\":2000,\"caption\":\"sladko medeno vino sweet mead jere\"},{\"@type\":\"BreadcrumbList\",\"@id\":\"https:\\\/\\\/jere-eu.com\\\/product\\\/pure-sweet-mead\\\/#breadcrumb\",\"itemListElement\":[{\"@type\":\"ListItem\",\"position\":1,\"name\":\"Home\",\"item\":\"https:\\\/\\\/jere-eu.com\\\/\"},{\"@type\":\"ListItem\",\"position\":2,\"name\":\"SHOP\",\"item\":\"https:\\\/\\\/jere-eu.com\\\/shop\\\/\"},{\"@type\":\"ListItem\",\"position\":3,\"name\":\"Sweet Mead\u3164\u3164\u3164\u3164\u3164\u3164\u3164\u3164\u3164\u3164\u3164\u3164\u3164\u3164\"}]},{\"@type\":\"WebSite\",\"@id\":\"https:\\\/\\\/jere-eu.com\\\/#website\",\"url\":\"https:\\\/\\\/jere-eu.com\\\/\",\"name\":\"Jere - Beekeeping &amp; Meadery\",\"description\":\"Meadery Jere - Premium Mead &amp; Sparkling Mead from Slovenia\",\"potentialAction\":[{\"@type\":\"SearchAction\",\"target\":{\"@type\":\"EntryPoint\",\"urlTemplate\":\"https:\\\/\\\/jere-eu.com\\\/?s={search_term_string}\"},\"query-input\":{\"@type\":\"PropertyValueSpecification\",\"valueRequired\":true,\"valueName\":\"search_term_string\"}}],\"inLanguage\":\"sl-SI\"}]}<\/script>\n<!-- \/ Yoast SEO plugin. -->","yoast_head_json":{"title":"Sweet Mead\u3164\u3164\u3164\u3164\u3164\u3164\u3164\u3164\u3164\u3164\u3164\u3164\u3164\u3164 - Jere - Beekeeping &amp; Meadery","description":"Sladko medeno vino je narejeno s fermentacijo cvetli\u010dnega medu. Njegov okus je izredno bogat in \u017eameten.","robots":{"index":"index","follow":"follow","max-snippet":"max-snippet:-1","max-image-preview":"max-image-preview:large","max-video-preview":"max-video-preview:-1"},"canonical":"https:\/\/jere-eu.com\/sl\/izdelek\/pure-sweet-mead\/","og_locale":"sl_SI","og_type":"article","og_title":"Sweet Mead\u3164\u3164\u3164\u3164\u3164\u3164\u3164\u3164\u3164\u3164\u3164\u3164\u3164\u3164 - Jere - Beekeeping &amp; Meadery","og_description":"This is a pure mead, fermented from raw flower honey. The taste of this sweet mead is incredibly rich, buttery, floral and smooth.","og_url":"https:\/\/jere-eu.com\/sl\/izdelek\/pure-sweet-mead\/","og_site_name":"Jere - Beekeeping &amp; Meadery","article_publisher":"https:\/\/www.facebook.com\/cebelarstvojere","article_modified_time":"2026-04-05T16:29:17+00:00","og_image":[{"width":1066,"height":2000,"url":"https:\/\/jere-eu.com\/wp-content\/uploads\/2020\/09\/sladko-medeno-vino.jpg","type":"image\/jpeg"}],"twitter_card":"summary_large_image","schema":{"@context":"https:\/\/schema.org","@graph":[{"@type":"WebPage","@id":"https:\/\/jere-eu.com\/product\/pure-sweet-mead\/","url":"https:\/\/jere-eu.com\/product\/pure-sweet-mead\/","name":"Sweet Mead\u3164\u3164\u3164\u3164\u3164\u3164\u3164\u3164\u3164\u3164\u3164\u3164\u3164\u3164 - Jere - Beekeeping &amp; Meadery","isPartOf":{"@id":"https:\/\/jere-eu.com\/#website"},"primaryImageOfPage":{"@id":"https:\/\/jere-eu.com\/product\/pure-sweet-mead\/#primaryimage"},"image":{"@id":"https:\/\/jere-eu.com\/product\/pure-sweet-mead\/#primaryimage"},"thumbnailUrl":"https:\/\/jere-eu.com\/wp-content\/uploads\/2020\/09\/sladko-medeno-vino.jpg","datePublished":"2020-10-04T19:16:59+00:00","dateModified":"2026-04-05T16:29:17+00:00","description":"Sladko medeno vino je narejeno s fermentacijo cvetli\u010dnega medu. Njegov okus je izredno bogat in \u017eameten.","breadcrumb":{"@id":"https:\/\/jere-eu.com\/product\/pure-sweet-mead\/#breadcrumb"},"inLanguage":"sl-SI","potentialAction":[{"@type":"ReadAction","target":["https:\/\/jere-eu.com\/product\/pure-sweet-mead\/"]}]},{"@type":"ImageObject","inLanguage":"sl-SI","@id":"https:\/\/jere-eu.com\/product\/pure-sweet-mead\/#primaryimage","url":"https:\/\/jere-eu.com\/wp-content\/uploads\/2020\/09\/sladko-medeno-vino.jpg","contentUrl":"https:\/\/jere-eu.com\/wp-content\/uploads\/2020\/09\/sladko-medeno-vino.jpg","width":1066,"height":2000,"caption":"sladko medeno vino sweet mead jere"},{"@type":"BreadcrumbList","@id":"https:\/\/jere-eu.com\/product\/pure-sweet-mead\/#breadcrumb","itemListElement":[{"@type":"ListItem","position":1,"name":"Home","item":"https:\/\/jere-eu.com\/"},{"@type":"ListItem","position":2,"name":"SHOP","item":"https:\/\/jere-eu.com\/shop\/"},{"@type":"ListItem","position":3,"name":"Sweet Mead\u3164\u3164\u3164\u3164\u3164\u3164\u3164\u3164\u3164\u3164\u3164\u3164\u3164\u3164"}]},{"@type":"WebSite","@id":"https:\/\/jere-eu.com\/#website","url":"https:\/\/jere-eu.com\/","name":"Medena vina Jere","description":"Meadery Jere - Premium Mead &amp; Sparkling Mead from Slovenia","potentialAction":[{"@type":"SearchAction","target":{"@type":"EntryPoint","urlTemplate":"https:\/\/jere-eu.com\/?s={search_term_string}"},"query-input":{"@type":"PropertyValueSpecification","valueRequired":true,"valueName":"search_term_string"}}],"inLanguage":"sl-SI"}]}},"_links":{"self":[{"href":"https:\/\/jere-eu.com\/sl\/wp-json\/wp\/v2\/product\/18863","targetHints":{"allow":["GET"]}}],"collection":[{"href":"https:\/\/jere-eu.com\/sl\/wp-json\/wp\/v2\/product"}],"about":[{"href":"https:\/\/jere-eu.com\/sl\/wp-json\/wp\/v2\/types\/product"}],"replies":[{"embeddable":true,"href":"https:\/\/jere-eu.com\/sl\/wp-json\/wp\/v2\/comments?post=18863"}],"wp:featuredmedia":[{"embeddable":true,"href":"https:\/\/jere-eu.com\/sl\/wp-json\/wp\/v2\/media\/18511"}],"wp:attachment":[{"href":"https:\/\/jere-eu.com\/sl\/wp-json\/wp\/v2\/media?parent=18863"}],"wp:term":[{"taxonomy":"product_brand","embeddable":true,"href":"https:\/\/jere-eu.com\/sl\/wp-json\/wp\/v2\/product_brand?post=18863"},{"taxonomy":"product_cat","embeddable":true,"href":"https:\/\/jere-eu.com\/sl\/wp-json\/wp\/v2\/product_cat?post=18863"},{"taxonomy":"product_tag","embeddable":true,"href":"https:\/\/jere-eu.com\/sl\/wp-json\/wp\/v2\/product_tag?post=18863"},{"taxonomy":"woo-feed-brand","embeddable":true,"href":"https:\/\/jere-eu.com\/sl\/wp-json\/wp\/v2\/woo-feed-brand?post=18863"}],"curies":[{"name":"wp","href":"https:\/\/api.w.org\/{rel}","templated":true}]}}