{"id":18862,"date":"2020-10-04T19:13:44","date_gmt":"2020-10-04T19:13:44","guid":{"rendered":"http:\/\/jere-eu.com\/?post_type=product&#038;p=18862"},"modified":"2026-02-26T14:32:32","modified_gmt":"2026-02-26T13:32:32","slug":"semi-sweet-mead-05l","status":"publish","type":"product","link":"https:\/\/jere-eu.com\/sl\/izdelek\/semi-sweet-mead-05l\/","title":{"rendered":"Polsladko medeno vino"},"content":{"rendered":"<p><strong><em>~Sommelier priporo\u010da~\u00a0<\/em><\/strong><\/p>\n<p>&nbsp;<\/p>\n<p>Glede na sve\u017e, ne\u017een, osve\u017eilen in malenkost sladek okus, se dobro prile\u017ee k:<\/p>\n<ul>\n<li>osve\u017eilnemu sorbetu<\/li>\n<li>\"sticky pork\" - svinjini pripravljeni na azijski na\u010din<\/li>\n<li>hrustljavi, pe\u010deni gosi<\/li>\n<li>peko\u010de za\u010dinjeni hrani<\/li>\n<li>Odli\u010den za koktejle. Na primer medeni mojito (limeta, meta, polsladko medeno vino, mineralna voda in led)<\/li>\n<li>Odli\u010den tudi kot aperitiv<\/li>\n<\/ul>\n<p>~ Unikatna pija\u010da za enkratne kulinari\u010dne u\u017eitke!<\/p>\n<p>&nbsp;<\/p>\n<p>&nbsp;<\/p>\n<p>&nbsp;<\/p>","protected":false},"excerpt":{"rendered":"<p><strong><em>~ Do\u017eivi polsladko medeno vino ~\u00a0<\/em><\/strong><\/p>\n<p>&nbsp;<\/p>\n<p>Polsladko medeno vino je narejeno s fermentacijo cvetli\u010dnega medu. Njegov okus je saden, ne\u017een, v ospredju so note breskev.<\/p>\n<ul>\n<li><strong>Letnik: 2020<\/strong><\/li>\n<li>Alkohol: 12,3 vol. %<\/li>\n<li>Sladkost: polsladko<\/li>\n<li>Volumen: 0,5l<\/li>\n<li>Postre\u017ei ohlajeno na 6-8\u00b0C<\/li>\n<\/ul>\n<p><span class=\"more-link\"><a href=\"https:\/\/jere-eu.com\/sl\/izdelek\/semi-sweet-mead-05l\/\">Continue Reading<\/a><\/span><\/p>","protected":false},"featured_media":18508,"comment_status":"open","ping_status":"closed","template":"","meta":{"_acf_changed":false,"_monsterinsights_skip_tracking":false,"_monsterinsights_sitenote_active":false,"_monsterinsights_sitenote_note":"","_monsterinsights_sitenote_category":0},"product_brand":[],"product_cat":[119],"product_tag":[],"woo-feed-brand":[],"class_list":{"0":"entry","1":"author-gregorjere","2":"has-excerpt","3":"post-18862","4":"product","5":"type-product","6":"status-publish","7":"has-post-thumbnail","8":"product_cat-mead","10":"first","11":"instock","12":"shipping-taxable","13":"purchasable","14":"product-type-simple"},"acf":[],"yoast_head":"<!-- This site is optimized with the Yoast SEO plugin v27.3 - https:\/\/yoast.com\/product\/yoast-seo-wordpress\/ -->\n<title>Semi-sweet Mead - Meadery Jere<\/title>\n<meta name=\"description\" content=\"This semi-sweet mead is fermented from raw flower honey. One could describe its taste as fruit-forward and smooth with a hint of peach.\" \/>\n<meta name=\"robots\" content=\"index, follow, max-snippet:-1, max-image-preview:large, max-video-preview:-1\" \/>\n<link rel=\"canonical\" href=\"https:\/\/jere-eu.com\/sl\/izdelek\/semi-sweet-mead-05l\/\" \/>\n<meta property=\"og:locale\" content=\"sl_SI\" \/>\n<meta property=\"og:type\" content=\"article\" \/>\n<meta property=\"og:title\" content=\"Semi-sweet Mead - Meadery Jere\" \/>\n<meta property=\"og:description\" content=\"This semi-sweet mead is fermented from raw flower honey. One could describe its taste as fruit-forward and smooth with a hint of peach.\" \/>\n<meta property=\"og:url\" content=\"https:\/\/jere-eu.com\/sl\/izdelek\/semi-sweet-mead-05l\/\" \/>\n<meta property=\"og:site_name\" content=\"Jere - Beekeeping &amp; Meadery\" \/>\n<meta property=\"article:publisher\" content=\"https:\/\/www.facebook.com\/cebelarstvojere\" \/>\n<meta property=\"article:modified_time\" content=\"2026-02-26T13:32:32+00:00\" \/>\n<meta property=\"og:image\" content=\"https:\/\/jere-eu.com\/wp-content\/uploads\/2020\/09\/polsladko-medeno-vino.jpg\" \/>\n\t<meta property=\"og:image:width\" content=\"1066\" \/>\n\t<meta property=\"og:image:height\" content=\"2000\" \/>\n\t<meta property=\"og:image:type\" content=\"image\/jpeg\" \/>\n<meta name=\"twitter:card\" content=\"summary_large_image\" \/>\n<script type=\"application\/ld+json\" class=\"yoast-schema-graph\">{\"@context\":\"https:\\\/\\\/schema.org\",\"@graph\":[{\"@type\":\"WebPage\",\"@id\":\"https:\\\/\\\/jere-eu.com\\\/product\\\/semi-sweet-mead-05l\\\/\",\"url\":\"https:\\\/\\\/jere-eu.com\\\/product\\\/semi-sweet-mead-05l\\\/\",\"name\":\"Semi-sweet Mead - Meadery Jere\",\"isPartOf\":{\"@id\":\"https:\\\/\\\/jere-eu.com\\\/#website\"},\"primaryImageOfPage\":{\"@id\":\"https:\\\/\\\/jere-eu.com\\\/product\\\/semi-sweet-mead-05l\\\/#primaryimage\"},\"image\":{\"@id\":\"https:\\\/\\\/jere-eu.com\\\/product\\\/semi-sweet-mead-05l\\\/#primaryimage\"},\"thumbnailUrl\":\"https:\\\/\\\/jere-eu.com\\\/wp-content\\\/uploads\\\/2020\\\/09\\\/polsladko-medeno-vino.jpg\",\"datePublished\":\"2020-10-04T19:13:44+00:00\",\"dateModified\":\"2026-02-26T13:32:32+00:00\",\"description\":\"This semi-sweet mead is fermented from raw flower honey. One could describe its taste as fruit-forward and smooth with a hint of peach.\",\"breadcrumb\":{\"@id\":\"https:\\\/\\\/jere-eu.com\\\/product\\\/semi-sweet-mead-05l\\\/#breadcrumb\"},\"inLanguage\":\"sl-SI\",\"potentialAction\":[{\"@type\":\"ReadAction\",\"target\":[\"https:\\\/\\\/jere-eu.com\\\/product\\\/semi-sweet-mead-05l\\\/\"]}]},{\"@type\":\"ImageObject\",\"inLanguage\":\"sl-SI\",\"@id\":\"https:\\\/\\\/jere-eu.com\\\/product\\\/semi-sweet-mead-05l\\\/#primaryimage\",\"url\":\"https:\\\/\\\/jere-eu.com\\\/wp-content\\\/uploads\\\/2020\\\/09\\\/polsladko-medeno-vino.jpg\",\"contentUrl\":\"https:\\\/\\\/jere-eu.com\\\/wp-content\\\/uploads\\\/2020\\\/09\\\/polsladko-medeno-vino.jpg\",\"width\":1066,\"height\":2000,\"caption\":\"polsladko medeno vino semi-sweet mead\"},{\"@type\":\"BreadcrumbList\",\"@id\":\"https:\\\/\\\/jere-eu.com\\\/product\\\/semi-sweet-mead-05l\\\/#breadcrumb\",\"itemListElement\":[{\"@type\":\"ListItem\",\"position\":1,\"name\":\"Home\",\"item\":\"https:\\\/\\\/jere-eu.com\\\/\"},{\"@type\":\"ListItem\",\"position\":2,\"name\":\"SHOP\",\"item\":\"https:\\\/\\\/jere-eu.com\\\/shop\\\/\"},{\"@type\":\"ListItem\",\"position\":3,\"name\":\"Semi-sweet Mead\"}]},{\"@type\":\"WebSite\",\"@id\":\"https:\\\/\\\/jere-eu.com\\\/#website\",\"url\":\"https:\\\/\\\/jere-eu.com\\\/\",\"name\":\"Jere - Beekeeping &amp; Meadery\",\"description\":\"Meadery Jere - Premium Mead &amp; Sparkling Mead from Slovenia\",\"potentialAction\":[{\"@type\":\"SearchAction\",\"target\":{\"@type\":\"EntryPoint\",\"urlTemplate\":\"https:\\\/\\\/jere-eu.com\\\/?s={search_term_string}\"},\"query-input\":{\"@type\":\"PropertyValueSpecification\",\"valueRequired\":true,\"valueName\":\"search_term_string\"}}],\"inLanguage\":\"sl-SI\"}]}<\/script>\n<!-- \/ Yoast SEO plugin. -->","yoast_head_json":{"title":"Semi-sweet Mead - Meadery Jere","description":"This semi-sweet mead is fermented from raw flower honey. One could describe its taste as fruit-forward and smooth with a hint of peach.","robots":{"index":"index","follow":"follow","max-snippet":"max-snippet:-1","max-image-preview":"max-image-preview:large","max-video-preview":"max-video-preview:-1"},"canonical":"https:\/\/jere-eu.com\/sl\/izdelek\/semi-sweet-mead-05l\/","og_locale":"sl_SI","og_type":"article","og_title":"Semi-sweet Mead - Meadery Jere","og_description":"This semi-sweet mead is fermented from raw flower honey. One could describe its taste as fruit-forward and smooth with a hint of peach.","og_url":"https:\/\/jere-eu.com\/sl\/izdelek\/semi-sweet-mead-05l\/","og_site_name":"Jere - Beekeeping &amp; Meadery","article_publisher":"https:\/\/www.facebook.com\/cebelarstvojere","article_modified_time":"2026-02-26T13:32:32+00:00","og_image":[{"width":1066,"height":2000,"url":"https:\/\/jere-eu.com\/wp-content\/uploads\/2020\/09\/polsladko-medeno-vino.jpg","type":"image\/jpeg"}],"twitter_card":"summary_large_image","schema":{"@context":"https:\/\/schema.org","@graph":[{"@type":"WebPage","@id":"https:\/\/jere-eu.com\/product\/semi-sweet-mead-05l\/","url":"https:\/\/jere-eu.com\/product\/semi-sweet-mead-05l\/","name":"Semi-sweet Mead - Meadery Jere","isPartOf":{"@id":"https:\/\/jere-eu.com\/#website"},"primaryImageOfPage":{"@id":"https:\/\/jere-eu.com\/product\/semi-sweet-mead-05l\/#primaryimage"},"image":{"@id":"https:\/\/jere-eu.com\/product\/semi-sweet-mead-05l\/#primaryimage"},"thumbnailUrl":"https:\/\/jere-eu.com\/wp-content\/uploads\/2020\/09\/polsladko-medeno-vino.jpg","datePublished":"2020-10-04T19:13:44+00:00","dateModified":"2026-02-26T13:32:32+00:00","description":"This semi-sweet mead is fermented from raw flower honey. One could describe its taste as fruit-forward and smooth with a hint of peach.","breadcrumb":{"@id":"https:\/\/jere-eu.com\/product\/semi-sweet-mead-05l\/#breadcrumb"},"inLanguage":"sl-SI","potentialAction":[{"@type":"ReadAction","target":["https:\/\/jere-eu.com\/product\/semi-sweet-mead-05l\/"]}]},{"@type":"ImageObject","inLanguage":"sl-SI","@id":"https:\/\/jere-eu.com\/product\/semi-sweet-mead-05l\/#primaryimage","url":"https:\/\/jere-eu.com\/wp-content\/uploads\/2020\/09\/polsladko-medeno-vino.jpg","contentUrl":"https:\/\/jere-eu.com\/wp-content\/uploads\/2020\/09\/polsladko-medeno-vino.jpg","width":1066,"height":2000,"caption":"polsladko medeno vino semi-sweet mead"},{"@type":"BreadcrumbList","@id":"https:\/\/jere-eu.com\/product\/semi-sweet-mead-05l\/#breadcrumb","itemListElement":[{"@type":"ListItem","position":1,"name":"Home","item":"https:\/\/jere-eu.com\/"},{"@type":"ListItem","position":2,"name":"SHOP","item":"https:\/\/jere-eu.com\/shop\/"},{"@type":"ListItem","position":3,"name":"Semi-sweet Mead"}]},{"@type":"WebSite","@id":"https:\/\/jere-eu.com\/#website","url":"https:\/\/jere-eu.com\/","name":"Medena vina Jere","description":"Meadery Jere - Premium Mead &amp; Sparkling Mead from Slovenia","potentialAction":[{"@type":"SearchAction","target":{"@type":"EntryPoint","urlTemplate":"https:\/\/jere-eu.com\/?s={search_term_string}"},"query-input":{"@type":"PropertyValueSpecification","valueRequired":true,"valueName":"search_term_string"}}],"inLanguage":"sl-SI"}]}},"_links":{"self":[{"href":"https:\/\/jere-eu.com\/sl\/wp-json\/wp\/v2\/product\/18862","targetHints":{"allow":["GET"]}}],"collection":[{"href":"https:\/\/jere-eu.com\/sl\/wp-json\/wp\/v2\/product"}],"about":[{"href":"https:\/\/jere-eu.com\/sl\/wp-json\/wp\/v2\/types\/product"}],"replies":[{"embeddable":true,"href":"https:\/\/jere-eu.com\/sl\/wp-json\/wp\/v2\/comments?post=18862"}],"wp:featuredmedia":[{"embeddable":true,"href":"https:\/\/jere-eu.com\/sl\/wp-json\/wp\/v2\/media\/18508"}],"wp:attachment":[{"href":"https:\/\/jere-eu.com\/sl\/wp-json\/wp\/v2\/media?parent=18862"}],"wp:term":[{"taxonomy":"product_brand","embeddable":true,"href":"https:\/\/jere-eu.com\/sl\/wp-json\/wp\/v2\/product_brand?post=18862"},{"taxonomy":"product_cat","embeddable":true,"href":"https:\/\/jere-eu.com\/sl\/wp-json\/wp\/v2\/product_cat?post=18862"},{"taxonomy":"product_tag","embeddable":true,"href":"https:\/\/jere-eu.com\/sl\/wp-json\/wp\/v2\/product_tag?post=18862"},{"taxonomy":"woo-feed-brand","embeddable":true,"href":"https:\/\/jere-eu.com\/sl\/wp-json\/wp\/v2\/woo-feed-brand?post=18862"}],"curies":[{"name":"wp","href":"https:\/\/api.w.org\/{rel}","templated":true}]}}