{"id":21310,"date":"2021-08-27T17:11:12","date_gmt":"2021-08-27T15:11:12","guid":{"rendered":"https:\/\/jere-eu.com\/?page_id=21310"},"modified":"2021-08-27T17:12:01","modified_gmt":"2021-08-27T15:12:01","slug":"cookie-policy","status":"publish","type":"page","link":"https:\/\/jere-eu.com\/sl\/cookie-policy\/","title":{"rendered":"Cookie policy"},"content":{"rendered":"<div data-elementor-type=\"wp-page\" data-elementor-id=\"21310\" class=\"elementor elementor-21310\">\n\t\t\t\t\t\t<section class=\"elementor-section elementor-top-section elementor-element elementor-element-6223d53 elementor-section-boxed elementor-section-height-default elementor-section-height-default\" data-id=\"6223d53\" data-element_type=\"section\" data-e-type=\"section\">\n\t\t\t\t\t\t<div class=\"elementor-container elementor-column-gap-default\">\n\t\t\t\t\t<div class=\"elementor-column elementor-col-100 elementor-top-column elementor-element elementor-element-52aa79a\" data-id=\"52aa79a\" data-element_type=\"column\" data-e-type=\"column\">\n\t\t\t<div class=\"elementor-widget-wrap elementor-element-populated\">\n\t\t\t\t\t\t<div class=\"elementor-element elementor-element-484098f elementor-widget elementor-widget-text-editor\" data-id=\"484098f\" data-element_type=\"widget\" data-e-type=\"widget\" data-widget_type=\"text-editor.default\">\n\t\t\t\t<div class=\"elementor-widget-container\">\n\t\t\t\t\t\t\t\t\t<p>Pi\u0161kotki imajo klju\u010den pomen za zagotavljanje kakovostnih in optimiziranih storitev. Z njihovo pomo\u010djo se samodejno nastavijo razne nastavitve, ki so del statistike izbolj\u0161evanja nakupa. Na\u0161i pi\u0161kotki so pomembni za pravilno in optimizirano delovanje spletne strani in ne bodo uporabljeni v katerikoli drugi namen. Kot zapisano na obvestilu, ki se prika\u017ee ob vstopu na spletno stran, se z uporabo na\u0161e strani strinjate z uporabo le teh.<\/p><p>Na\u0161a spletna stran uporablja nekaj pi\u0161kotkov ki smo jih nastavili sami (1st party cookies) in so nujno potrebni za pravilno delovanje spletne strani. Pi\u0161kotki, ki  so uporabljeni za prijavo v spletno stran sodijo med izjeme Zakona o elektronskih komunikacijah (Uradni list \u0161t. 109\/2012;) in za njih ne potrebujete dati soglasja.<\/p><p>Uporabljamo tudi pi\u0161kotke tretjih osem (3rd party cookies), ki nam pomagajo pri vodenju statistik.<\/p><p>Google Analitika<\/p><p>Mailchimp<\/p>\t\t\t\t\t\t\t\t<\/div>\n\t\t\t\t<\/div>\n\t\t\t\t\t<\/div>\n\t\t<\/div>\n\t\t\t\t\t<\/div>\n\t\t<\/section>\n\t\t\t\t<\/div>","protected":false},"excerpt":{"rendered":"<p>Cookies play a key role in guaranteeing high-quality services. With their help, different settings, which are crucial for our statistics and site optimization, are set automatically. Cookies are used in order for the site to be able to run smoothly and stay optimized and not for any other purpose. As<span class=\"more-link\"><a href=\"https:\/\/jere-eu.com\/sl\/cookie-policy\/\">Continue Reading<\/a><\/span><\/p>","protected":false},"author":1,"featured_media":0,"parent":0,"menu_order":0,"comment_status":"closed","ping_status":"closed","template":"","meta":{"_acf_changed":false,"_monsterinsights_skip_tracking":false,"_monsterinsights_sitenote_active":false,"_monsterinsights_sitenote_note":"","_monsterinsights_sitenote_category":0,"footnotes":""},"class_list":["entry","author-gregorjere","post-21310","page","type-page","status-publish"],"acf":[],"yoast_head":"<!-- This site is optimized with the Yoast SEO plugin v27.5 - https:\/\/yoast.com\/product\/yoast-seo-wordpress\/ -->\n<title>Cookie policy - Jere - Beekeeping &amp; Meadery<\/title>\n<meta name=\"robots\" content=\"index, follow, max-snippet:-1, max-image-preview:large, max-video-preview:-1\" \/>\n<link rel=\"canonical\" href=\"https:\/\/jere-eu.com\/sl\/cookie-policy\/\" \/>\n<meta property=\"og:locale\" content=\"sl_SI\" \/>\n<meta property=\"og:type\" content=\"article\" \/>\n<meta property=\"og:title\" content=\"Cookie policy - Jere - Beekeeping &amp; Meadery\" \/>\n<meta property=\"og:description\" content=\"Cookies play a key role in guaranteeing high-quality services. With their help, different settings, which are crucial for our statistics and site optimization, are set automatically. Cookies are used in order for the site to be able to run smoothly and stay optimized and not for any other purpose. AsContinue Reading\" \/>\n<meta property=\"og:url\" content=\"https:\/\/jere-eu.com\/sl\/cookie-policy\/\" \/>\n<meta property=\"og:site_name\" content=\"Jere - Beekeeping &amp; Meadery\" \/>\n<meta property=\"article:publisher\" content=\"https:\/\/www.facebook.com\/cebelarstvojere\" \/>\n<meta property=\"article:modified_time\" content=\"2021-08-27T15:12:01+00:00\" \/>\n<meta name=\"twitter:card\" content=\"summary_large_image\" \/>\n<script type=\"application\/ld+json\" class=\"yoast-schema-graph\">{\"@context\":\"https:\\\/\\\/schema.org\",\"@graph\":[{\"@type\":\"WebPage\",\"@id\":\"https:\\\/\\\/jere-eu.com\\\/sl\\\/cookie-policy\\\/\",\"url\":\"https:\\\/\\\/jere-eu.com\\\/sl\\\/cookie-policy\\\/\",\"name\":\"Cookie policy - Jere - Beekeeping &amp; Meadery\",\"isPartOf\":{\"@id\":\"https:\\\/\\\/jere-eu.com\\\/#website\"},\"datePublished\":\"2021-08-27T15:11:12+00:00\",\"dateModified\":\"2021-08-27T15:12:01+00:00\",\"breadcrumb\":{\"@id\":\"https:\\\/\\\/jere-eu.com\\\/sl\\\/cookie-policy\\\/#breadcrumb\"},\"inLanguage\":\"sl-SI\",\"potentialAction\":[{\"@type\":\"ReadAction\",\"target\":[\"https:\\\/\\\/jere-eu.com\\\/sl\\\/cookie-policy\\\/\"]}]},{\"@type\":\"BreadcrumbList\",\"@id\":\"https:\\\/\\\/jere-eu.com\\\/sl\\\/cookie-policy\\\/#breadcrumb\",\"itemListElement\":[{\"@type\":\"ListItem\",\"position\":1,\"name\":\"Home\",\"item\":\"https:\\\/\\\/jere-eu.com\\\/\"},{\"@type\":\"ListItem\",\"position\":2,\"name\":\"Cookie policy\"}]},{\"@type\":\"WebSite\",\"@id\":\"https:\\\/\\\/jere-eu.com\\\/#website\",\"url\":\"https:\\\/\\\/jere-eu.com\\\/\",\"name\":\"Jere - Beekeeping &amp; Meadery\",\"description\":\"Meadery Jere - Premium Mead &amp; Sparkling Mead from Slovenia\",\"potentialAction\":[{\"@type\":\"SearchAction\",\"target\":{\"@type\":\"EntryPoint\",\"urlTemplate\":\"https:\\\/\\\/jere-eu.com\\\/?s={search_term_string}\"},\"query-input\":{\"@type\":\"PropertyValueSpecification\",\"valueRequired\":true,\"valueName\":\"search_term_string\"}}],\"inLanguage\":\"sl-SI\"}]}<\/script>\n<!-- \/ Yoast SEO plugin. -->","yoast_head_json":{"title":"Cookie policy - Jere - Beekeeping &amp; Meadery","robots":{"index":"index","follow":"follow","max-snippet":"max-snippet:-1","max-image-preview":"max-image-preview:large","max-video-preview":"max-video-preview:-1"},"canonical":"https:\/\/jere-eu.com\/sl\/cookie-policy\/","og_locale":"sl_SI","og_type":"article","og_title":"Cookie policy - Jere - Beekeeping &amp; Meadery","og_description":"Cookies play a key role in guaranteeing high-quality services. With their help, different settings, which are crucial for our statistics and site optimization, are set automatically. Cookies are used in order for the site to be able to run smoothly and stay optimized and not for any other purpose. AsContinue Reading","og_url":"https:\/\/jere-eu.com\/sl\/cookie-policy\/","og_site_name":"Jere - Beekeeping &amp; Meadery","article_publisher":"https:\/\/www.facebook.com\/cebelarstvojere","article_modified_time":"2021-08-27T15:12:01+00:00","twitter_card":"summary_large_image","schema":{"@context":"https:\/\/schema.org","@graph":[{"@type":"WebPage","@id":"https:\/\/jere-eu.com\/sl\/cookie-policy\/","url":"https:\/\/jere-eu.com\/sl\/cookie-policy\/","name":"Cookie policy - Jere - Beekeeping &amp; Meadery","isPartOf":{"@id":"https:\/\/jere-eu.com\/#website"},"datePublished":"2021-08-27T15:11:12+00:00","dateModified":"2021-08-27T15:12:01+00:00","breadcrumb":{"@id":"https:\/\/jere-eu.com\/sl\/cookie-policy\/#breadcrumb"},"inLanguage":"sl-SI","potentialAction":[{"@type":"ReadAction","target":["https:\/\/jere-eu.com\/sl\/cookie-policy\/"]}]},{"@type":"BreadcrumbList","@id":"https:\/\/jere-eu.com\/sl\/cookie-policy\/#breadcrumb","itemListElement":[{"@type":"ListItem","position":1,"name":"Home","item":"https:\/\/jere-eu.com\/"},{"@type":"ListItem","position":2,"name":"Cookie policy"}]},{"@type":"WebSite","@id":"https:\/\/jere-eu.com\/#website","url":"https:\/\/jere-eu.com\/","name":"Medena vina Jere","description":"Meadery Jere - Premium Mead &amp; Sparkling Mead from Slovenia","potentialAction":[{"@type":"SearchAction","target":{"@type":"EntryPoint","urlTemplate":"https:\/\/jere-eu.com\/?s={search_term_string}"},"query-input":{"@type":"PropertyValueSpecification","valueRequired":true,"valueName":"search_term_string"}}],"inLanguage":"sl-SI"}]}},"_links":{"self":[{"href":"https:\/\/jere-eu.com\/sl\/wp-json\/wp\/v2\/pages\/21310","targetHints":{"allow":["GET"]}}],"collection":[{"href":"https:\/\/jere-eu.com\/sl\/wp-json\/wp\/v2\/pages"}],"about":[{"href":"https:\/\/jere-eu.com\/sl\/wp-json\/wp\/v2\/types\/page"}],"author":[{"embeddable":true,"href":"https:\/\/jere-eu.com\/sl\/wp-json\/wp\/v2\/users\/1"}],"replies":[{"embeddable":true,"href":"https:\/\/jere-eu.com\/sl\/wp-json\/wp\/v2\/comments?post=21310"}],"version-history":[{"count":4,"href":"https:\/\/jere-eu.com\/sl\/wp-json\/wp\/v2\/pages\/21310\/revisions"}],"predecessor-version":[{"id":21314,"href":"https:\/\/jere-eu.com\/sl\/wp-json\/wp\/v2\/pages\/21310\/revisions\/21314"}],"wp:attachment":[{"href":"https:\/\/jere-eu.com\/sl\/wp-json\/wp\/v2\/media?parent=21310"}],"curies":[{"name":"wp","href":"https:\/\/api.w.org\/{rel}","templated":true}]}}