{"id":19039,"date":"2020-10-14T21:36:47","date_gmt":"2020-10-14T21:36:47","guid":{"rendered":"http:\/\/jere-eu.com\/?page_id=19039"},"modified":"2021-04-13T11:56:09","modified_gmt":"2021-04-13T11:56:09","slug":"delivery-terms","status":"publish","type":"page","link":"https:\/\/jere-eu.com\/sl\/delivery-terms\/","title":{"rendered":"PODATKI O DOSTAVI"},"content":{"rendered":"<div data-elementor-type=\"wp-page\" data-elementor-id=\"19039\" class=\"elementor elementor-19039\">\n\t\t\t\t\t\t<section class=\"elementor-section elementor-top-section elementor-element elementor-element-1cb4d19 elementor-section-boxed elementor-section-height-default elementor-section-height-default\" data-id=\"1cb4d19\" data-element_type=\"section\" data-e-type=\"section\">\n\t\t\t\t\t\t<div class=\"elementor-container elementor-column-gap-default\">\n\t\t\t\t\t<div class=\"elementor-column elementor-col-100 elementor-top-column elementor-element elementor-element-b9d8fff\" data-id=\"b9d8fff\" data-element_type=\"column\" data-e-type=\"column\">\n\t\t\t<div class=\"elementor-widget-wrap elementor-element-populated\">\n\t\t\t\t\t\t<div class=\"elementor-element elementor-element-5ec39df elementor-widget elementor-widget-heading\" data-id=\"5ec39df\" data-element_type=\"widget\" data-e-type=\"widget\" data-widget_type=\"heading.default\">\n\t\t\t\t<div class=\"elementor-widget-container\">\n\t\t\t\t\t<h2 class=\"elementor-heading-title elementor-size-default\">Pogoji dostave za Slovenijo<\/h2>\t\t\t\t<\/div>\n\t\t\t\t<\/div>\n\t\t\t\t\t<\/div>\n\t\t<\/div>\n\t\t\t\t\t<\/div>\n\t\t<\/section>\n\t\t\t\t<section class=\"elementor-section elementor-top-section elementor-element elementor-element-dff18ea elementor-section-boxed elementor-section-height-default elementor-section-height-default\" data-id=\"dff18ea\" data-element_type=\"section\" data-e-type=\"section\">\n\t\t\t\t\t\t<div class=\"elementor-container elementor-column-gap-default\">\n\t\t\t\t\t<div class=\"elementor-column elementor-col-100 elementor-top-column elementor-element elementor-element-27427a5\" data-id=\"27427a5\" data-element_type=\"column\" data-e-type=\"column\">\n\t\t\t<div class=\"elementor-widget-wrap elementor-element-populated\">\n\t\t\t\t\t\t<div class=\"elementor-element elementor-element-7298791 elementor-widget elementor-widget-text-editor\" data-id=\"7298791\" data-element_type=\"widget\" data-e-type=\"widget\" data-widget_type=\"text-editor.default\">\n\t\t\t\t<div class=\"elementor-widget-container\">\n\t\t\t\t\t\t\t\t\t<p>Izdelki na zalogi bodo dostavljeni v roku petih delovnih dni od dneva potrditve naro\u010dila. Izdelki bodo dostavljeni preko dostavne slu\u017ebe, ki je v na\u0161em primeru Po\u0161ta Slovenije, na va\u0161 naslov.<\/p><p>Dostavni stro\u0161ke se morajo dopla\u010dati, \u010de vrednost naro\u010denega blaga zna\u0161a manj kot 90,- \u20ac. V njih so vklju\u010deni vsi stro\u0161ki provizije prenosa kupnine od kupca do prodajalca ter vsi stro\u0161ki dostave. V nobenem primeru ne boste bremenjeni za kakr\u0161nekoli dodatne stro\u0161ke. V primeru, da je nakup nad 90,- \u20ac, dodatnih stro\u0161kov ni. Dostavni stro\u0161ki so prav tako razvidni \u0161e pred zaklju\u010dkom naro\u010dila. V primeru, da ob dostavi niste dosegljivi, Vas bodo obiskali \u0161e enkrat oziroma boste prejeli obvestilo o prispeli po\u0161iljki. Vse po\u0161iljke so zavarovane in Vam v primeru po\u0161kodovanja po\u0161iljke, le to zamenjamo z novo ali vrnemo va\u0161 denar.\nOb nepravo\u010dasni dostavi izdelkov, boste o tem obve\u0161\u010deni, pri \u010demer bomo uporabili kontakte podatke prilo\u017eene ob naro\u010dilu. Za izgubo ali po\u0161kodbe po\u0161iljke odgovarja prevoznik - Po\u0161ta Slovenije. Ponudnik v primeru po\u0161kodbe ali izgube po\u0161iljke po\u0161lje novo takoj po obvestilu. Kupec mora o po\u0161kodbi ali izgubi po\u0161iljke obvestiti prevoznika ali ponudnika.<\/p><p>Ob nepravo\u010dasni dostavi izdelkov boste o tem obve\u0161\u010deni, pri \u010demer bomo uporabili kontaktne podatke prilo\u017eene ob naro\u010dilu. Za izgubo ali po\u0161kodbe po\u0161iljke odgovarja prevoznik - Po\u0161ta Slovenije. Ponudnik v primeru po\u0161kodbe ali izgube po\u0161iljke, po\u0161ljemo novo takoj po obvestilu. Kupec mora o po\u0161kodbi ali izgubi po\u0161iljke obvestiti prevoznika ali ponudnika.<\/p>\t\t\t\t\t\t\t\t<\/div>\n\t\t\t\t<\/div>\n\t\t\t\t<div class=\"elementor-element elementor-element-376353f elementor-widget elementor-widget-spacer\" data-id=\"376353f\" data-element_type=\"widget\" data-e-type=\"widget\" data-widget_type=\"spacer.default\">\n\t\t\t\t<div class=\"elementor-widget-container\">\n\t\t\t\t\t\t\t<div class=\"elementor-spacer\">\n\t\t\t<div class=\"elementor-spacer-inner\"><\/div>\n\t\t<\/div>\n\t\t\t\t\t\t<\/div>\n\t\t\t\t<\/div>\n\t\t\t\t\t<\/div>\n\t\t<\/div>\n\t\t\t\t\t<\/div>\n\t\t<\/section>\n\t\t\t\t<section class=\"elementor-section elementor-top-section elementor-element elementor-element-781e237 elementor-section-boxed elementor-section-height-default elementor-section-height-default\" data-id=\"781e237\" data-element_type=\"section\" data-e-type=\"section\">\n\t\t\t\t\t\t<div class=\"elementor-container elementor-column-gap-default\">\n\t\t\t\t\t<div class=\"elementor-column elementor-col-100 elementor-top-column elementor-element elementor-element-99d81e3\" data-id=\"99d81e3\" data-element_type=\"column\" data-e-type=\"column\">\n\t\t\t<div class=\"elementor-widget-wrap elementor-element-populated\">\n\t\t\t\t\t\t<div class=\"elementor-element elementor-element-c26a624 elementor-widget elementor-widget-heading\" data-id=\"c26a624\" data-element_type=\"widget\" data-e-type=\"widget\" data-widget_type=\"heading.default\">\n\t\t\t\t<div class=\"elementor-widget-container\">\n\t\t\t\t\t<h2 class=\"elementor-heading-title elementor-size-default\">Pogoji dostave za EU dr\u017eave<\/h2>\t\t\t\t<\/div>\n\t\t\t\t<\/div>\n\t\t\t\t\t<\/div>\n\t\t<\/div>\n\t\t\t\t\t<\/div>\n\t\t<\/section>\n\t\t\t\t<section class=\"elementor-section elementor-top-section elementor-element elementor-element-76b19a5 elementor-section-boxed elementor-section-height-default elementor-section-height-default\" data-id=\"76b19a5\" data-element_type=\"section\" data-e-type=\"section\">\n\t\t\t\t\t\t<div class=\"elementor-container elementor-column-gap-default\">\n\t\t\t\t\t<div class=\"elementor-column elementor-col-100 elementor-top-column elementor-element elementor-element-87f5ee6\" data-id=\"87f5ee6\" data-element_type=\"column\" data-e-type=\"column\">\n\t\t\t<div class=\"elementor-widget-wrap elementor-element-populated\">\n\t\t\t\t\t\t<div class=\"elementor-element elementor-element-5e67d95 elementor-widget elementor-widget-text-editor\" data-id=\"5e67d95\" data-element_type=\"widget\" data-e-type=\"widget\" data-widget_type=\"text-editor.default\">\n\t\t\t\t<div class=\"elementor-widget-container\">\n\t\t\t\t\t\t\t\t\t<p>Paket bo dostavljen s strani na\u0161ih partnerjev: DHL, dpd, GSL, odvisno od dr\u017eave.<\/p>\n<p>Dostavni stro\u0161ki se morajo dopla\u010dati. V njih so vklju\u010deni vsi stro\u0161ki provizije prenosa kupnine od kupca do prodajalca ter vsi stro\u0161ki dostave. V nobenem primeru ne boste bremenjeni za kakr\u0161nekoli dodatne stro\u0161ke. Dostavni stro\u0161ki so prav tako razvidni \u0161e pred zaklju\u010dkom naro\u010dila. V primeru, da ob dostavi niste dosegljivi, Vas bodo obiskali \u0161e enkrat oziroma boste prejeli obvestilo o prispeli po\u0161iljki. Vse po\u0161iljke so zavarovane in Vam v primeru po\u0161kodovanja po\u0161iljke, le to zamenjamo z novo ali vrnemo va\u0161 denar.<\/p>\n<p>Za izgubo ali po\u0161kodbe po\u0161iljke odgovarja prevoznik. Ponudnik v primeru po\u0161kodbe ali izgube po\u0161iljke po\u0161lje novo takoj po obvestilu. Kupec mora o po\u0161kodbi ali izgubi po\u0161iljke obvestiti prevoznika ali ponudnika.<\/p>\n<p>Stro\u0161ke po\u0161iljanja v dr\u017eave Evropske Unije lahko izra\u010dunate na podlagi te table:<\/p>\t\t\t\t\t\t\t\t<\/div>\n\t\t\t\t<\/div>\n\t\t\t\t\t<\/div>\n\t\t<\/div>\n\t\t\t\t\t<\/div>\n\t\t<\/section>\n\t\t\t\t<section class=\"elementor-section elementor-top-section elementor-element elementor-element-7c18077 elementor-section-boxed elementor-section-height-default elementor-section-height-default\" data-id=\"7c18077\" data-element_type=\"section\" data-e-type=\"section\">\n\t\t\t\t\t\t<div class=\"elementor-container elementor-column-gap-default\">\n\t\t\t\t\t<div class=\"elementor-column elementor-col-100 elementor-top-column elementor-element elementor-element-291a1b9\" data-id=\"291a1b9\" data-element_type=\"column\" data-e-type=\"column\">\n\t\t\t<div class=\"elementor-widget-wrap elementor-element-populated\">\n\t\t\t\t\t\t<section class=\"elementor-section elementor-inner-section elementor-element elementor-element-8c69ffb elementor-section-boxed elementor-section-height-default elementor-section-height-default\" data-id=\"8c69ffb\" data-element_type=\"section\" data-e-type=\"section\">\n\t\t\t\t\t\t<div class=\"elementor-container elementor-column-gap-default\">\n\t\t\t\t\t<div class=\"elementor-column elementor-col-50 elementor-inner-column elementor-element elementor-element-91d3026\" data-id=\"91d3026\" data-element_type=\"column\" data-e-type=\"column\">\n\t\t\t<div class=\"elementor-widget-wrap elementor-element-populated\">\n\t\t\t\t\t\t<div class=\"elementor-element elementor-element-4e0fa14 elementor-widget elementor-widget-image\" data-id=\"4e0fa14\" data-element_type=\"widget\" data-e-type=\"widget\" data-widget_type=\"image.default\">\n\t\t\t\t<div class=\"elementor-widget-container\">\n\t\t\t\t\t\t\t\t\t\t\t\t\t\t\t<img decoding=\"async\" src=\"https:\/\/jere-eu.com\/wp-content\/uploads\/2021\/04\/EU-shipping-Jere.jpg\" title=\"\" alt=\"\" loading=\"lazy\" \/>\t\t\t\t\t\t\t\t\t\t\t\t\t\t\t<\/div>\n\t\t\t\t<\/div>\n\t\t\t\t\t<\/div>\n\t\t<\/div>\n\t\t\t\t<div class=\"elementor-column elementor-col-50 elementor-inner-column elementor-element elementor-element-788ca6c\" data-id=\"788ca6c\" data-element_type=\"column\" data-e-type=\"column\">\n\t\t\t<div class=\"elementor-widget-wrap elementor-element-populated\">\n\t\t\t\t\t\t<div class=\"elementor-element elementor-element-96eff0a elementor-widget elementor-widget-image\" data-id=\"96eff0a\" data-element_type=\"widget\" data-e-type=\"widget\" data-widget_type=\"image.default\">\n\t\t\t\t<div class=\"elementor-widget-container\">\n\t\t\t\t\t\t\t\t\t\t\t\t\t\t\t<img decoding=\"async\" src=\"https:\/\/jere-eu.com\/wp-content\/uploads\/2021\/03\/shipping-weight-1.jpg\" title=\"\" alt=\"\" loading=\"lazy\" \/>\t\t\t\t\t\t\t\t\t\t\t\t\t\t\t<\/div>\n\t\t\t\t<\/div>\n\t\t\t\t\t<\/div>\n\t\t<\/div>\n\t\t\t\t\t<\/div>\n\t\t<\/section>\n\t\t\t\t\t<\/div>\n\t\t<\/div>\n\t\t\t\t\t<\/div>\n\t\t<\/section>\n\t\t\t\t<\/div>","protected":false},"excerpt":{"rendered":"<p>DELIVERY TERMS FOR SLOVENIA Products in stock will be delivered within 5 working days from the order confirmation. The package will be delivered with a delivery service, which in our case is called &#8220;Po\u0161ta Slovenje\/The Post of Slovenia&#8221; to the provided address. The customer is obligated to pay the shipping<span class=\"more-link\"><a href=\"https:\/\/jere-eu.com\/sl\/delivery-terms\/\">Continue Reading<\/a><\/span><\/p>","protected":false},"author":1,"featured_media":0,"parent":0,"menu_order":0,"comment_status":"closed","ping_status":"closed","template":"","meta":{"_acf_changed":false,"_monsterinsights_skip_tracking":false,"_monsterinsights_sitenote_active":false,"_monsterinsights_sitenote_note":"","_monsterinsights_sitenote_category":0,"footnotes":""},"class_list":["entry","author-gregorjere","post-19039","page","type-page","status-publish"],"acf":[],"yoast_head":"<!-- This site is optimized with the Yoast SEO plugin v27.3 - https:\/\/yoast.com\/product\/yoast-seo-wordpress\/ -->\n<title>delivery terms - Jere - Beekeeping &amp; Meadery<\/title>\n<meta name=\"robots\" content=\"index, follow, max-snippet:-1, max-image-preview:large, max-video-preview:-1\" \/>\n<link rel=\"canonical\" href=\"https:\/\/jere-eu.com\/sl\/delivery-terms\/\" \/>\n<meta property=\"og:locale\" content=\"sl_SI\" \/>\n<meta property=\"og:type\" content=\"article\" \/>\n<meta property=\"og:title\" content=\"delivery terms - Jere - Beekeeping &amp; Meadery\" \/>\n<meta property=\"og:description\" content=\"DELIVERY TERMS FOR SLOVENIA Products in stock will be delivered within 5 working days from the order confirmation. The package will be delivered with a delivery service, which in our case is called &#8220;Po\u0161ta Slovenje\/The Post of Slovenia&#8221; to the provided address. The customer is obligated to pay the shippingContinue Reading\" \/>\n<meta property=\"og:url\" content=\"https:\/\/jere-eu.com\/sl\/delivery-terms\/\" \/>\n<meta property=\"og:site_name\" content=\"Jere - Beekeeping &amp; Meadery\" \/>\n<meta property=\"article:publisher\" content=\"https:\/\/www.facebook.com\/cebelarstvojere\" \/>\n<meta property=\"article:modified_time\" content=\"2021-04-13T11:56:09+00:00\" \/>\n<meta property=\"og:image\" content=\"https:\/\/jere-eu.com\/wp-content\/uploads\/2021\/04\/EU-shipping-Jere.jpg\" \/>\n<meta name=\"twitter:card\" content=\"summary_large_image\" \/>\n<script type=\"application\/ld+json\" class=\"yoast-schema-graph\">{\"@context\":\"https:\\\/\\\/schema.org\",\"@graph\":[{\"@type\":\"WebPage\",\"@id\":\"https:\\\/\\\/jere-eu.com\\\/en\\\/delivery-terms\\\/\",\"url\":\"https:\\\/\\\/jere-eu.com\\\/en\\\/delivery-terms\\\/\",\"name\":\"delivery terms - Jere - Beekeeping &amp; Meadery\",\"isPartOf\":{\"@id\":\"https:\\\/\\\/jere-eu.com\\\/#website\"},\"primaryImageOfPage\":{\"@id\":\"https:\\\/\\\/jere-eu.com\\\/en\\\/delivery-terms\\\/#primaryimage\"},\"image\":{\"@id\":\"https:\\\/\\\/jere-eu.com\\\/en\\\/delivery-terms\\\/#primaryimage\"},\"thumbnailUrl\":\"https:\\\/\\\/jere-eu.com\\\/wp-content\\\/uploads\\\/2021\\\/04\\\/EU-shipping-Jere.jpg\",\"datePublished\":\"2020-10-14T21:36:47+00:00\",\"dateModified\":\"2021-04-13T11:56:09+00:00\",\"breadcrumb\":{\"@id\":\"https:\\\/\\\/jere-eu.com\\\/en\\\/delivery-terms\\\/#breadcrumb\"},\"inLanguage\":\"sl-SI\",\"potentialAction\":[{\"@type\":\"ReadAction\",\"target\":[\"https:\\\/\\\/jere-eu.com\\\/en\\\/delivery-terms\\\/\"]}]},{\"@type\":\"ImageObject\",\"inLanguage\":\"sl-SI\",\"@id\":\"https:\\\/\\\/jere-eu.com\\\/en\\\/delivery-terms\\\/#primaryimage\",\"url\":\"https:\\\/\\\/jere-eu.com\\\/wp-content\\\/uploads\\\/2021\\\/04\\\/EU-shipping-Jere.jpg\",\"contentUrl\":\"https:\\\/\\\/jere-eu.com\\\/wp-content\\\/uploads\\\/2021\\\/04\\\/EU-shipping-Jere.jpg\"},{\"@type\":\"BreadcrumbList\",\"@id\":\"https:\\\/\\\/jere-eu.com\\\/en\\\/delivery-terms\\\/#breadcrumb\",\"itemListElement\":[{\"@type\":\"ListItem\",\"position\":1,\"name\":\"Home\",\"item\":\"https:\\\/\\\/jere-eu.com\\\/\"},{\"@type\":\"ListItem\",\"position\":2,\"name\":\"delivery terms\"}]},{\"@type\":\"WebSite\",\"@id\":\"https:\\\/\\\/jere-eu.com\\\/#website\",\"url\":\"https:\\\/\\\/jere-eu.com\\\/\",\"name\":\"Jere - Beekeeping &amp; Meadery\",\"description\":\"Meadery Jere - Premium Mead &amp; Sparkling Mead from Slovenia\",\"potentialAction\":[{\"@type\":\"SearchAction\",\"target\":{\"@type\":\"EntryPoint\",\"urlTemplate\":\"https:\\\/\\\/jere-eu.com\\\/?s={search_term_string}\"},\"query-input\":{\"@type\":\"PropertyValueSpecification\",\"valueRequired\":true,\"valueName\":\"search_term_string\"}}],\"inLanguage\":\"sl-SI\"}]}<\/script>\n<!-- \/ Yoast SEO plugin. -->","yoast_head_json":{"title":"delivery terms - Jere - Beekeeping &amp; Meadery","robots":{"index":"index","follow":"follow","max-snippet":"max-snippet:-1","max-image-preview":"max-image-preview:large","max-video-preview":"max-video-preview:-1"},"canonical":"https:\/\/jere-eu.com\/sl\/delivery-terms\/","og_locale":"sl_SI","og_type":"article","og_title":"delivery terms - Jere - Beekeeping &amp; Meadery","og_description":"DELIVERY TERMS FOR SLOVENIA Products in stock will be delivered within 5 working days from the order confirmation. The package will be delivered with a delivery service, which in our case is called &#8220;Po\u0161ta Slovenje\/The Post of Slovenia&#8221; to the provided address. The customer is obligated to pay the shippingContinue Reading","og_url":"https:\/\/jere-eu.com\/sl\/delivery-terms\/","og_site_name":"Jere - Beekeeping &amp; Meadery","article_publisher":"https:\/\/www.facebook.com\/cebelarstvojere","article_modified_time":"2021-04-13T11:56:09+00:00","og_image":[{"url":"https:\/\/jere-eu.com\/wp-content\/uploads\/2021\/04\/EU-shipping-Jere.jpg","type":"","width":"","height":""}],"twitter_card":"summary_large_image","schema":{"@context":"https:\/\/schema.org","@graph":[{"@type":"WebPage","@id":"https:\/\/jere-eu.com\/en\/delivery-terms\/","url":"https:\/\/jere-eu.com\/en\/delivery-terms\/","name":"delivery terms - Jere - Beekeeping &amp; Meadery","isPartOf":{"@id":"https:\/\/jere-eu.com\/#website"},"primaryImageOfPage":{"@id":"https:\/\/jere-eu.com\/en\/delivery-terms\/#primaryimage"},"image":{"@id":"https:\/\/jere-eu.com\/en\/delivery-terms\/#primaryimage"},"thumbnailUrl":"https:\/\/jere-eu.com\/wp-content\/uploads\/2021\/04\/EU-shipping-Jere.jpg","datePublished":"2020-10-14T21:36:47+00:00","dateModified":"2021-04-13T11:56:09+00:00","breadcrumb":{"@id":"https:\/\/jere-eu.com\/en\/delivery-terms\/#breadcrumb"},"inLanguage":"sl-SI","potentialAction":[{"@type":"ReadAction","target":["https:\/\/jere-eu.com\/en\/delivery-terms\/"]}]},{"@type":"ImageObject","inLanguage":"sl-SI","@id":"https:\/\/jere-eu.com\/en\/delivery-terms\/#primaryimage","url":"https:\/\/jere-eu.com\/wp-content\/uploads\/2021\/04\/EU-shipping-Jere.jpg","contentUrl":"https:\/\/jere-eu.com\/wp-content\/uploads\/2021\/04\/EU-shipping-Jere.jpg"},{"@type":"BreadcrumbList","@id":"https:\/\/jere-eu.com\/en\/delivery-terms\/#breadcrumb","itemListElement":[{"@type":"ListItem","position":1,"name":"Home","item":"https:\/\/jere-eu.com\/"},{"@type":"ListItem","position":2,"name":"delivery terms"}]},{"@type":"WebSite","@id":"https:\/\/jere-eu.com\/#website","url":"https:\/\/jere-eu.com\/","name":"Medena vina Jere","description":"Meadery Jere - Premium Mead &amp; Sparkling Mead from Slovenia","potentialAction":[{"@type":"SearchAction","target":{"@type":"EntryPoint","urlTemplate":"https:\/\/jere-eu.com\/?s={search_term_string}"},"query-input":{"@type":"PropertyValueSpecification","valueRequired":true,"valueName":"search_term_string"}}],"inLanguage":"sl-SI"}]}},"_links":{"self":[{"href":"https:\/\/jere-eu.com\/sl\/wp-json\/wp\/v2\/pages\/19039","targetHints":{"allow":["GET"]}}],"collection":[{"href":"https:\/\/jere-eu.com\/sl\/wp-json\/wp\/v2\/pages"}],"about":[{"href":"https:\/\/jere-eu.com\/sl\/wp-json\/wp\/v2\/types\/page"}],"author":[{"embeddable":true,"href":"https:\/\/jere-eu.com\/sl\/wp-json\/wp\/v2\/users\/1"}],"replies":[{"embeddable":true,"href":"https:\/\/jere-eu.com\/sl\/wp-json\/wp\/v2\/comments?post=19039"}],"version-history":[{"count":6,"href":"https:\/\/jere-eu.com\/sl\/wp-json\/wp\/v2\/pages\/19039\/revisions"}],"predecessor-version":[{"id":20746,"href":"https:\/\/jere-eu.com\/sl\/wp-json\/wp\/v2\/pages\/19039\/revisions\/20746"}],"wp:attachment":[{"href":"https:\/\/jere-eu.com\/sl\/wp-json\/wp\/v2\/media?parent=19039"}],"curies":[{"name":"wp","href":"https:\/\/api.w.org\/{rel}","templated":true}]}}